{"id":22876,"date":"2026-04-22T15:51:26","date_gmt":"2026-04-22T21:51:26","guid":{"rendered":"https:\/\/portal.fgeo.gob.mx\/?page_id=22876"},"modified":"2026-04-22T16:11:03","modified_gmt":"2026-04-22T22:11:03","slug":"ley-de-disciplina-financiera-2026","status":"publish","type":"page","link":"https:\/\/portal.fgeo.gob.mx\/index.php\/ley-de-disciplina-financiera-2026","title":{"rendered":"Ley General de Contabilidad Gubernamental\u200b 2026"},"content":{"rendered":"\t\t<div data-elementor-type=\"wp-page\" data-elementor-id=\"22876\" class=\"elementor elementor-22876\">\n\t\t\t\t<div class=\"elementor-element elementor-element-a0643f6 e-flex e-con-boxed e-con e-parent\" data-id=\"a0643f6\" data-element_type=\"container\" data-e-type=\"container\">\n\t\t\t\t\t<div class=\"e-con-inner\">\n\t\t\t\t<div class=\"elementor-element elementor-element-bcb7f75 elementor-widget elementor-widget-spacer\" data-id=\"bcb7f75\" data-element_type=\"widget\" data-e-type=\"widget\" data-widget_type=\"spacer.default\">\n\t\t\t\t<div class=\"elementor-widget-container\">\n\t\t\t\t\t\t\t<div class=\"elementor-spacer\">\n\t\t\t<div class=\"elementor-spacer-inner\"><\/div>\n\t\t<\/div>\n\t\t\t\t\t\t<\/div>\n\t\t\t\t<\/div>\n\t\t\t\t<div class=\"elementor-element elementor-element-01704b4 elementor-widget elementor-widget-html\" data-id=\"01704b4\" data-element_type=\"widget\" data-e-type=\"widget\" data-widget_type=\"html.default\">\n\t\t\t\t<div class=\"elementor-widget-container\">\n\t\t\t\t\t<p class=\"title\">LEY DE DISCIPLINA FINANCIERA<\/p>\n<style>\n     .title {\n      font-weight: bold;\n      font-family: 'Titillium web', sans-serif;\n      color: rgb(58,89,158) !important;\n      text-shadow: 2px 5px 5px rgba(0, 0, 0, 0.3);\n      font-size: 45px;\n      text-align: center; \n    }\n\n<\/style>\t\t\t\t<\/div>\n\t\t\t\t<\/div>\n\t\t\t\t<div class=\"elementor-element elementor-element-5c0021c elementor-widget elementor-widget-html\" data-id=\"5c0021c\" data-element_type=\"widget\" data-e-type=\"widget\" data-widget_type=\"html.default\">\n\t\t\t\t<div class=\"elementor-widget-container\">\n\t\t\t\t\t<p class=\"subtitle\">2026<\/p>\n<style>\n        .subtitle { \n        font-weight: bold;\n        font-family: 'Titillium web', sans-serif; \n        color: #8B9398 !important;\n        font-size: 25px;\n        text-align: center;\n    }\n<\/style>\t\t\t\t<\/div>\n\t\t\t\t<\/div>\n\t\t\t\t<div class=\"elementor-element elementor-element-de9b5f0 elementor-widget__width-initial elementor-widget elementor-widget-html\" data-id=\"de9b5f0\" data-element_type=\"widget\" data-e-type=\"widget\" data-widget_type=\"html.default\">\n\t\t\t\t<div class=\"elementor-widget-container\">\n\t\t\t\t\t<!DOCTYPE html>\r\n<html lang=\"es\">\r\n<head>\r\n  <meta charset=\"UTF-8\">\r\n  <meta name=\"viewport\" content=\"width=device-width, initial-scale=1.0\">\r\n  <title>Contenedor Horizontal<\/title>\r\n  <link href=\"https:\/\/cdn.jsdelivr.net\/npm\/bootstrap@5.3.0-alpha1\/dist\/css\/bootstrap.min.css\" rel=\"stylesheet\">\r\n  <style>\r\n    .scroll-container {\r\n      display: flex;\r\n      justify-content: center;  \/* Centra los campos en el contenedor *\/\r\n      background-color: #DEE1E1 !important;\r\n      border-radius: 8px;\r\n      padding: 10px;  \/* Espacio alrededor de los campos *\/\r\n    }\r\n    .fields {\r\n      display: flex;\r\n      color: white !important;\r\n      justify-content: center; \/* Centra los campos en su contenedor *\/\r\n    }\r\n    .field {\r\n      padding: 20px;\r\n      margin-right: 10px;\r\n      text-align: center;\r\n      border-radius: 5px;\r\n      font-size: 12px;\r\n      white-space: nowrap; \/* Asegura que el texto no se divida *\/\r\n      text-overflow: ellipsis; \/* Agrega \"...\" cuando el texto se corta *\/\r\n      overflow: hidden; \/* Evita que el contenido se desborde *\/\r\n      font-weight: bold;\r\n      cursor: pointer;\r\n      color: white !important;\r\n    }\r\n    .field a {\r\n      color: black;\r\n      text-decoration: none; \/* Elimina el subrayado del enlace *\/\r\n    }\r\n    .field:hover {\r\n      background-color: white; \/* Cambio de color de fondo al pasar el rat\u00f3n *\/\r\n    }\r\n  <\/style>\r\n<\/head>\r\n<body>\r\n\r\n<div class=\"container mt-5\">\r\n  <div class=\"scroll-container\">\r\n    <div class=\"fields\" id=\"fieldsContainer\">\r\n      <div class=\"field\"><a href=\"\/index.php\/ley-de-disciplina-financiera\">2022<\/a><\/div>\r\n      <div class=\"field\"><a href=\"\/index.php\/ley-de-disciplina-financiera-2023\">2023<\/a><\/div>\r\n      <div class=\"field\"><a href=\"\/index.php\/ley-de-disciplina-financiera-2024\">2024<\/a><\/div>\r\n      <div class=\"field\"><a href=\"\/index.php\/ley-de-disciplina-financiera-2025\">2025<\/a><\/div>\r\n      <div class=\"field\"><a href=\"\/index.php\/ley-de-disciplina-financiera-2026\">2026<\/a><\/div>\r\n      \r\n    <\/div>\r\n  <\/div>\r\n<\/div>\r\n\r\n<\/body>\r\n<\/html>\t\t\t\t<\/div>\n\t\t\t\t<\/div>\n\t\t\t\t<div class=\"elementor-element elementor-element-7ad9621 elementor-widget elementor-widget-html\" data-id=\"7ad9621\" data-element_type=\"widget\" data-e-type=\"widget\" data-widget_type=\"html.default\">\n\t\t\t\t<div class=\"elementor-widget-container\">\n\t\t\t\t\t        <link href=\"https:\/\/cdn.jsdelivr.net\/npm\/bootstrap-icons\/font\/bootstrap-icons.css\" rel=\"stylesheet\">\n\n   <table class=\"tabla\">\n    <thead>\n        <tr>\n            <th>Ley de Disciplina Financiera<\/th>\n            <th>Primer Trimestre<\/th>\n\n            <!-- Nueva columna a\u00f1adida -->\n        <\/tr>\n    <\/thead>\n    <tbody>\n        <tr>\n            <td>Balance Presupuestario<\/td>\n            <td><a href=\"https:\/\/portal.fgeo.gob.mx\/minio\/pagina\/wp-content\/uploads\/2026\/04\/14-INF-COMPL-LDF.pdf\" target=\"_blank\" ><i class=\"bi bi-file-earmark-pdf\"><\/i><\/a><\/td>\n            \n         <!-- Nueva celda a\u00f1adida -->\n        <\/tr>\n        <tr>\n            <td>Estado Anal\u00edtico del Ejercicio del Presupuesto de Egresos Detallado por Clasificaci\u00f3n Administrativa<\/td>\n            <td><a href=\"https:\/\/portal.fgeo.gob.mx\/minio\/pagina\/wp-content\/uploads\/2026\/04\/14-INF-COMPL-LDF.pdf\" target=\"_blank\" ><i class=\"bi bi-file-earmark-pdf\"><\/i><\/a><\/td>\n\n             <!-- Nueva celda a\u00f1adida -->\n        <\/tr>\n        <tr>\n            <td>Estado Anal\u00edtico del Ejercicio del Presupuesto de Egresos Detallado por Clasificaci\u00f3n de Servicios Personales por Categor\u00eda<\/td>\n            <td><a href=\"https:\/\/portal.fgeo.gob.mx\/minio\/pagina\/wp-content\/uploads\/2026\/04\/14-INF-COMPL-LDF.pdf\" target=\"_blank\" ><i class=\"bi bi-file-earmark-pdf\"><\/i><\/a><\/td>\n \n        <!-- Nueva celda a\u00f1adida -->\n        <\/tr>\n        <tr>\n            <td>Estado Anal\u00edtico del Ejercicio del Presupuesto de Egresos Detallado por Clasificaci\u00f3n Funcional<\/td>\n            <td><a href=\"https:\/\/portal.fgeo.gob.mx\/minio\/pagina\/wp-content\/uploads\/2026\/04\/14-INF-COMPL-LDF.pdf\" target=\"_blank\" ><i class=\"bi bi-file-earmark-pdf\"><\/i><\/a><\/td>\n\n         <!-- Nueva celda a\u00f1adida -->\n        <\/tr>\n        <tr>\n            <td>Estado Anal\u00edtico de Ingreso Detallado<\/td>\n            <td><a href=\"https:\/\/portal.fgeo.gob.mx\/minio\/pagina\/wp-content\/uploads\/2026\/04\/14-INF-COMPL-LDF.pdf\" target=\"_blank\" ><i class=\"bi bi-file-earmark-pdf\"><\/i><\/a><\/td>\n  \n       <!-- Nueva celda a\u00f1adida -->\n        <\/tr>\n        <tr>\n            <td>Estado Anal\u00edtico del Ejercicio del Presupuesto de Egresos Detallado por Objeto del Gasto<\/td>\n            <td><a href=\"https:\/\/portal.fgeo.gob.mx\/minio\/pagina\/wp-content\/uploads\/2026\/04\/14-INF-COMPL-LDF.pdf\" target=\"_blank\" ><i class=\"bi bi-file-earmark-pdf\"><\/i><\/a><\/td>\n\n       <!-- Nueva celda a\u00f1adida -->\n        <\/tr>\n        <tr>\n            <td>Estado de Situaci\u00f3n Financiera Detallado<\/td>\n            <td><a href=\"https:\/\/portal.fgeo.gob.mx\/minio\/pagina\/wp-content\/uploads\/2026\/04\/14-INF-COMPL-LDF.pdf\" target=\"_blank\" ><i class=\"bi bi-file-earmark-pdf\"><\/i><\/a><\/td>\n \n     <!-- Nueva celda a\u00f1adida -->\n        <\/tr>\n        <tr>\n            <td>Informe Anal\u00edtico de la Deuda P\u00fablica y otros Pasivos<\/td>\n            <td><a href=\"https:\/\/portal.fgeo.gob.mx\/minio\/pagina\/wp-content\/uploads\/2026\/04\/14-INF-COMPL-LDF.pdf\" target=\"_blank\" ><i class=\"bi bi-file-earmark-pdf\"><\/i><\/a><\/td>\n \n <!-- Nueva celda a\u00f1adida -->\n        <\/tr>\n        <tr>\n            <td>Informe Anal\u00edtico de Obligaciones Diferentes de Financiamiento<\/td>\n            <td><a href=\"https:\/\/portal.fgeo.gob.mx\/minio\/pagina\/wp-content\/uploads\/2026\/04\/14-INF-COMPL-LDF.pdf\" target=\"_blank\" ><i class=\"bi bi-file-earmark-pdf\"><\/i><\/a><\/td>\n\n     <!-- Nueva celda a\u00f1adida -->\n        <\/tr>\n        <tr>\n            <td>Informe Sobre Estudios Actuariales<\/td>\n            <td><a href=\"https:\/\/portal.fgeo.gob.mx\/minio\/pagina\/wp-content\/uploads\/2026\/04\/14-INF-COMPL-LDF.pdf\" target=\"_blank\" ><i class=\"bi bi-file-earmark-pdf\"><\/i><\/a><\/td>\n  \n  <!-- Nueva celda a\u00f1adida -->\n        <\/tr>\n    <\/tbody>\n<\/table>\n\n        \n        <style>\n        table td, table th {\n    text-transform: uppercase;\n  }\n            .container {\n    max-width: 1200px;\n    margin: 0 auto;\n    padding: 20px;\n}\n\n\n.container {\n    max-width: 1200px;\n    margin: 0 auto;\n    padding: 20px;\n}\n\n.tabla {\n    width: 100%;\n    border-collapse: collapse;\n    margin-top: 20px;\n    background-color: none; \/* Eliminado el fondo gris *\/\n}\n\n.tabla th, .tabla td {\n    padding: 12px;\n    text-align: center;\n    border-bottom: 1px solid #ddd; \/* Borde inferior en lugar de bordes alrededor *\/\n}\n\n.tabla th {\n    background-color: #09256A; \/* Color azul para el encabezado *\/\n    color: white;\n    font-weight: bold;\n    border-radius: 5px 5px 0 0; \/* Redondeo de los bordes superiores *\/\n}\n\n.tabla td i {\n    font-size: 20px;\n    color: #09256A;\n    cursor: pointer;\n}\n\n.tabla td i:hover {\n    color: #051d4b; \/* Cambio de color al pasar el rat\u00f3n *\/\n}\n            \n        <\/style>\t\t\t\t<\/div>\n\t\t\t\t<\/div>\n\t\t\t\t\t<\/div>\n\t\t\t\t<\/div>\n\t\t\t\t<\/div>\n\t\t","protected":false},"excerpt":{"rendered":"<p>LEY DE DISCIPLINA FINANCIERA 2026 Contenedor Horizontal 2022 2023 2024 2025 2026 Ley de Disciplina Financiera Primer Trimestre Balance Presupuestario Estado Anal\u00edtico del Ejercicio del Presupuesto de Egresos Detallado por Clasificaci\u00f3n Administrativa Estado Anal\u00edtico del Ejercicio del Presupuesto de Egresos [&hellip;]<\/p>\n","protected":false},"author":1,"featured_media":0,"parent":0,"menu_order":0,"comment_status":"closed","ping_status":"closed","template":"","meta":{"_acf_changed":false,"footnotes":""},"class_list":["post-22876","page","type-page","status-publish","hentry"],"acf":[],"mb":[],"mfb_rest_fields":["title","gutenberg_elementor_mode"],"_links":{"self":[{"href":"https:\/\/portal.fgeo.gob.mx\/index.php\/wp-json\/wp\/v2\/pages\/22876","targetHints":{"allow":["GET"]}}],"collection":[{"href":"https:\/\/portal.fgeo.gob.mx\/index.php\/wp-json\/wp\/v2\/pages"}],"about":[{"href":"https:\/\/portal.fgeo.gob.mx\/index.php\/wp-json\/wp\/v2\/types\/page"}],"author":[{"embeddable":true,"href":"https:\/\/portal.fgeo.gob.mx\/index.php\/wp-json\/wp\/v2\/users\/1"}],"replies":[{"embeddable":true,"href":"https:\/\/portal.fgeo.gob.mx\/index.php\/wp-json\/wp\/v2\/comments?post=22876"}],"version-history":[{"count":3,"href":"https:\/\/portal.fgeo.gob.mx\/index.php\/wp-json\/wp\/v2\/pages\/22876\/revisions"}],"predecessor-version":[{"id":22906,"href":"https:\/\/portal.fgeo.gob.mx\/index.php\/wp-json\/wp\/v2\/pages\/22876\/revisions\/22906"}],"wp:attachment":[{"href":"https:\/\/portal.fgeo.gob.mx\/index.php\/wp-json\/wp\/v2\/media?parent=22876"}],"curies":[{"name":"wp","href":"https:\/\/api.w.org\/{rel}","templated":true}]}}