{"id":2256,"date":"2024-11-20T12:37:41","date_gmt":"2024-11-20T18:37:41","guid":{"rendered":"https:\/\/portal.fgeo.gob.mx\/?page_id=2256"},"modified":"2026-04-22T16:08:30","modified_gmt":"2026-04-22T22:08:30","slug":"ley-de-disciplina-financiera-2023","status":"publish","type":"page","link":"https:\/\/portal.fgeo.gob.mx\/index.php\/ley-de-disciplina-financiera-2023","title":{"rendered":"Ley de Disciplina Financiera 2023"},"content":{"rendered":"\t\t<div data-elementor-type=\"wp-page\" data-elementor-id=\"2256\" class=\"elementor elementor-2256\">\n\t\t\t\t<div class=\"elementor-element elementor-element-d0fca9f e-flex e-con-boxed e-con e-parent\" data-id=\"d0fca9f\" data-element_type=\"container\" data-e-type=\"container\">\n\t\t\t\t\t<div class=\"e-con-inner\">\n\t\t\t\t<div class=\"elementor-element elementor-element-a695066 elementor-widget elementor-widget-spacer\" data-id=\"a695066\" data-element_type=\"widget\" data-e-type=\"widget\" data-widget_type=\"spacer.default\">\n\t\t\t\t<div class=\"elementor-widget-container\">\n\t\t\t\t\t\t\t<div class=\"elementor-spacer\">\n\t\t\t<div class=\"elementor-spacer-inner\"><\/div>\n\t\t<\/div>\n\t\t\t\t\t\t<\/div>\n\t\t\t\t<\/div>\n\t\t\t\t<div class=\"elementor-element elementor-element-e8e51f2 elementor-widget elementor-widget-html\" data-id=\"e8e51f2\" data-element_type=\"widget\" data-e-type=\"widget\" data-widget_type=\"html.default\">\n\t\t\t\t<div class=\"elementor-widget-container\">\n\t\t\t\t\t<p class=\"title\">LEY DE DISCIPLINA FINANCIERA<\/p>\n<style>\n     .title {\n      font-weight: bold;\n      font-family: 'Titillium web', sans-serif;\n      color: rgb(58,89,158) !important;\n      text-shadow: 2px 5px 5px rgba(0, 0, 0, 0.3);\n      font-size: 45px;\n      text-align: center; \n    }\n\n<\/style>\t\t\t\t<\/div>\n\t\t\t\t<\/div>\n\t\t\t\t<div class=\"elementor-element elementor-element-e49d7cb elementor-widget elementor-widget-html\" data-id=\"e49d7cb\" data-element_type=\"widget\" data-e-type=\"widget\" data-widget_type=\"html.default\">\n\t\t\t\t<div class=\"elementor-widget-container\">\n\t\t\t\t\t<p class=\"subtitle\">2023<\/p>\n<style>\n        .subtitle { \n        font-weight: bold;\n        font-family: 'Titillium web', sans-serif; \n        color: #8B9398 !important;\n        font-size: 25px;\n        text-align: center;\n    }\n<\/style>\n\t\t\t\t<\/div>\n\t\t\t\t<\/div>\n\t\t\t\t<div class=\"elementor-element elementor-element-567179a elementor-widget__width-initial elementor-widget elementor-widget-html\" data-id=\"567179a\" data-element_type=\"widget\" data-e-type=\"widget\" data-widget_type=\"html.default\">\n\t\t\t\t<div class=\"elementor-widget-container\">\n\t\t\t\t\t<!DOCTYPE html>\r\n<html lang=\"es\">\r\n<head>\r\n  <meta charset=\"UTF-8\">\r\n  <meta name=\"viewport\" content=\"width=device-width, initial-scale=1.0\">\r\n  <title>Contenedor Horizontal<\/title>\r\n  <link href=\"https:\/\/cdn.jsdelivr.net\/npm\/bootstrap@5.3.0-alpha1\/dist\/css\/bootstrap.min.css\" rel=\"stylesheet\">\r\n  <style>\r\n    .scroll-container {\r\n      display: flex;\r\n      justify-content: center;  \/* Centra los campos en el contenedor *\/\r\n      background-color: #DEE1E1 !important;\r\n      border-radius: 8px;\r\n      padding: 10px;  \/* Espacio alrededor de los campos *\/\r\n    }\r\n    .fields {\r\n      display: flex;\r\n      color: white !important;\r\n      justify-content: center; \/* Centra los campos en su contenedor *\/\r\n    }\r\n    .field {\r\n      padding: 20px;\r\n      margin-right: 10px;\r\n      text-align: center;\r\n      border-radius: 5px;\r\n      font-size: 12px;\r\n      white-space: nowrap; \/* Asegura que el texto no se divida *\/\r\n      text-overflow: ellipsis; \/* Agrega \"...\" cuando el texto se corta *\/\r\n      overflow: hidden; \/* Evita que el contenido se desborde *\/\r\n      font-weight: bold;\r\n      cursor: pointer;\r\n      color: white !important;\r\n    }\r\n    .field a {\r\n      color: black;\r\n      text-decoration: none; \/* Elimina el subrayado del enlace *\/\r\n    }\r\n    .field:hover {\r\n      background-color: white; \/* Cambio de color de fondo al pasar el rat\u00f3n *\/\r\n    }\r\n  <\/style>\r\n<\/head>\r\n<body>\r\n\r\n<div class=\"container mt-5\">\r\n  <div class=\"scroll-container\">\r\n    <div class=\"fields\" id=\"fieldsContainer\">\r\n      <div class=\"field\"><a href=\"\/index.php\/ley-de-disciplina-financiera\">2022<\/a><\/div>\r\n      <div class=\"field\"><a href=\"\/index.php\/ley-de-disciplina-financiera-2023\">2023<\/a><\/div>\r\n      <div class=\"field\"><a href=\"\/index.php\/ley-de-disciplina-financiera-2024\">2024<\/a><\/div>\r\n      <div class=\"field\"><a href=\"\/index.php\/ley-de-disciplina-financiera-2025\">2025<\/a><\/div>\r\n      <div class=\"field\"><a href=\"\/index.php\/ley-de-disciplina-financiera-2026\">2026<\/a><\/div>\r\n    <\/div>\r\n  <\/div>\r\n<\/div>\r\n\r\n<\/body>\r\n<\/html>\t\t\t\t<\/div>\n\t\t\t\t<\/div>\n\t\t\t\t\t<\/div>\n\t\t\t\t<\/div>\n\t\t<div class=\"elementor-element elementor-element-3591d227 e-flex e-con-boxed e-con e-parent\" data-id=\"3591d227\" data-element_type=\"container\" data-e-type=\"container\">\n\t\t\t\t\t<div class=\"e-con-inner\">\n\t\t\t\t<div class=\"elementor-element elementor-element-7e368c1a elementor-widget elementor-widget-html\" data-id=\"7e368c1a\" data-element_type=\"widget\" data-e-type=\"widget\" data-widget_type=\"html.default\">\n\t\t\t\t<div class=\"elementor-widget-container\">\n\t\t\t\t\t        <link href=\"https:\/\/cdn.jsdelivr.net\/npm\/bootstrap-icons\/font\/bootstrap-icons.css\" rel=\"stylesheet\">\n\n   <table class=\"tabla\">\n    <thead>\n        <tr>\n            <th>Ley de Disciplina Financiera<\/th>\n            <th>Primer Trimestre<\/th>\n            <th>Segundo Trimestre<\/th>\n            <th>Tercer Trimestre<\/th>\n            <th>Cuarto Trimestre<\/th>\n            <!-- Nueva columna a\u00f1adida -->\n        <\/tr>\n    <\/thead>\n    <tbody>\n        <tr>\n            <td>Balance Presupuestario<\/td>\n            <td><a href=\"https:\/\/portal.fgeo.gob.mx\/minio\/prueba-pagina\/wp-content\/uploads\/2025\/03\/04144801\/14-INF-CORRESP-LDF-1erTrim-2023.pdf\" target=\"_blank\" download><i class=\"bi bi-file-earmark-pdf\"><\/i><\/a><\/td>\n            <td><a href=\"https:\/\/portal.fgeo.gob.mx\/minio\/prueba-pagina\/wp-content\/uploads\/2025\/03\/04144838\/1.-Balance-Presupuestario-LDF-2doTrim-2023.pdf\" target=\"_blank\" download><i class=\"bi bi-file-earmark-pdf\"><\/i><\/a><\/td>\n            <td><a href=\"https:\/\/portal.fgeo.gob.mx\/minio\/prueba-pagina\/wp-content\/uploads\/2025\/03\/04144840\/3_Balance_presupuestario.pdf\" target=\"_blank\" download><i class=\"bi bi-file-earmark-pdf\"><\/i><\/a><\/td>\n            <td><a href=\"https:\/\/portal.fgeo.gob.mx\/minio\/prueba-pagina\/wp-content\/uploads\/2025\/03\/04144844\/4to-balance-prestupustario.pdf\" target=\"_blank\" download><i class=\"bi bi-file-earmark-pdf\"><\/i><\/a><\/td> <!-- Nueva celda a\u00f1adida -->\n        <\/tr>\n        <tr>\n            <td>Estado Anal\u00edtico del Ejercicio del Presupuesto de Egresos Detallado por Clasificaci\u00f3n Administrativa<\/td>\n            <td><a href=\"https:\/\/portal.fgeo.gob.mx\/minio\/prueba-pagina\/wp-content\/uploads\/2025\/03\/04144801\/14-INF-CORRESP-LDF-1erTrim-2023.pdf\" target=\"_blank\" download><i class=\"bi bi-file-earmark-pdf\"><\/i><\/a><\/td>\n            <td><a href=\"https:\/\/portal.fgeo.gob.mx\/minio\/prueba-pagina\/wp-content\/uploads\/2025\/03\/04144838\/1.-Balance-Presupuestario-LDF-2doTrim-2023.pdf\" target=\"_blank\" download><i class=\"bi bi-file-earmark-pdf\"><\/i><\/a><\/td>\n            <td><a href=\"https:\/\/portal.fgeo.gob.mx\/minio\/prueba-pagina\/wp-content\/uploads\/2025\/03\/04144840\/3_Balance_presupuestario.pdf\" target=\"_blank\" download><i class=\"bi bi-file-earmark-pdf\"><\/i><\/a><\/td>\n            <td><a href=\"https:\/\/portal.fgeo.gob.mx\/minio\/prueba-pagina\/wp-content\/uploads\/2025\/03\/04144844\/4to-balance-prestupustario.pdf\" target=\"_blank\" download><i class=\"bi bi-file-earmark-pdf\"><\/i><\/a><\/td> <!-- Nueva celda a\u00f1adida -->\n        <\/tr>\n        <tr>\n            <td>Estado Anal\u00edtico del Ejercicio del Presupuesto de Egresos Detallado por Clasificaci\u00f3n de Servicios Personales por Categor\u00eda<\/td>\n            <td><a href=\"https:\/\/portal.fgeo.gob.mx\/minio\/prueba-pagina\/wp-content\/uploads\/2025\/03\/04145717\/14-INF-CORRESP-LDF-1erTrim-2023-2.pdf\" target=\"_blank\" download><i class=\"bi bi-file-earmark-pdf\"><\/i><\/a><\/td>\n            <td><a href=\"https:\/\/portal.fgeo.gob.mx\/minio\/prueba-pagina\/wp-content\/uploads\/2025\/03\/04145720\/3.-Clasificacion-de-servicios-LDF-2doTrim-2023.pdf\" target=\"_blank\" download><i class=\"bi bi-file-earmark-pdf\"><\/i><\/a><\/td>\n            <td><a href=\"https:\/\/portal.fgeo.gob.mx\/minio\/prueba-pagina\/wp-content\/uploads\/2025\/03\/04145722\/3_Estado_analitico_del_ejercicio_del_presupuesto_de_egresos_detallado_por_clasificacion_de_servicios_personales_por_categoria.pdf\" target=\"_blank\" download><i class=\"bi bi-file-earmark-pdf\"><\/i><\/a><\/td>\n            <td><a href=\"https:\/\/portal.fgeo.gob.mx\/minio\/prueba-pagina\/wp-content\/uploads\/2025\/03\/04145724\/4to-estado-analiitico-ejercicio-presupuesto-egresos-detallado-clas-serv-perso-categoria.pdf\" target=\"_blank\" download><i class=\"bi bi-file-earmark-pdf\"><\/i><\/a><\/td> <!-- Nueva celda a\u00f1adida -->\n        <\/tr>\n        <tr>\n            <td>Estado Anal\u00edtico del Ejercicio del Presupuesto de Egresos Detallado por Clasificaci\u00f3n Funcional<\/td>\n            <td><a href=\"https:\/\/portal.fgeo.gob.mx\/minio\/prueba-pagina\/wp-content\/uploads\/2025\/03\/04150247\/14-INF-CORRESP-LDF-1erTrim-2023-3.pdf\" target=\"_blank\" download><i class=\"bi bi-file-earmark-pdf\"><\/i><\/a><\/td>\n            <td><a href=\"https:\/\/portal.fgeo.gob.mx\/minio\/prueba-pagina\/wp-content\/uploads\/2025\/03\/04150250\/4.-Clasificacion-funcional-LDF-2doTrim-2023.pdf\" target=\"_blank\" download><i class=\"bi bi-file-earmark-pdf\"><\/i><\/a><\/td>\n            <td><a href=\"hhttps:\/\/portal.fgeo.gob.mx\/minio\/prueba-pagina\/wp-content\/uploads\/2025\/03\/04150252\/3_Estado_analitico_del_ejercicio_del_presupuesto_de_egresos_detallado_por_clasificacion_funcional.pdf\" target=\"_blank\" download><i class=\"bi bi-file-earmark-pdf\"><\/i><\/a><\/td>\n            <td><a href=\"https:\/\/portal.fgeo.gob.mx\/minio\/prueba-pagina\/wp-content\/uploads\/2025\/03\/04150255\/4to-estado-analiitico-ejercicio-presupuesto-egresos-detallado-clas-funiconal.pdf\" target=\"_blank\" download><i class=\"bi bi-file-earmark-pdf\"><\/i><\/a><\/td> <!-- Nueva celda a\u00f1adida -->\n        <\/tr>\n        <tr>\n            <td>Estado Anal\u00edtico de Ingreso Detallado<\/td>\n            <td><a href=\"https:\/\/portal.fgeo.gob.mx\/minio\/prueba-pagina\/wp-content\/uploads\/2025\/03\/04150620\/14-INF-CORRESP-LDF-1erTrim-2023-4.pdf\" target=\"_blank\" download><i class=\"bi bi-file-earmark-pdf\"><\/i><\/a><\/td>\n            <td><a href=\"https:\/\/portal.fgeo.gob.mx\/minio\/prueba-pagina\/wp-content\/uploads\/2025\/03\/04150623\/5.-Ingreso-Detallado-LDF-2doTrim-2023.pdf\" target=\"_blank\" download><i class=\"bi bi-file-earmark-pdf\"><\/i><\/a><\/td>\n            <td><a href=\"https:\/\/portal.fgeo.gob.mx\/minio\/prueba-pagina\/wp-content\/uploads\/2025\/03\/04150625\/3_Estado_analitico_de_ingreso_detallado.pdf\" target=\"_blank\" download><i class=\"bi bi-file-earmark-pdf\"><\/i><\/a><\/td>\n            <td><a href=\"https:\/\/portal.fgeo.gob.mx\/minio\/prueba-pagina\/wp-content\/uploads\/2025\/03\/04150627\/4to-estado-analitico-ingreso-tellado.pdf\" target=\"_blank\" download><i class=\"bi bi-file-earmark-pdf\"><\/i><\/a><\/td> <!-- Nueva celda a\u00f1adida -->\n        <\/tr>\n        <tr>\n            <td>Estado Anal\u00edtico del Ejercicio del Presupuesto de Egresos Detallado por Objeto del Gasto<\/td>\n            <td><a href=\"https:\/\/portal.fgeo.gob.mx\/minio\/prueba-pagina\/wp-content\/uploads\/2025\/03\/04150620\/14-INF-CORRESP-LDF-1erTrim-2023-4.pdf\" target=\"_blank\" download><i class=\"bi bi-file-earmark-pdf\"><\/i><\/a><\/td>\n            <td><a href=\"https:\/\/portal.fgeo.gob.mx\/minio\/prueba-pagina\/wp-content\/uploads\/2025\/03\/04150623\/5.-Ingreso-Detallado-LDF-2doTrim-2023.pdf\" target=\"_blank\" download><i class=\"bi bi-file-earmark-pdf\"><\/i><\/a><\/td>\n            <td><a href=\"https:\/\/portal.fgeo.gob.mx\/minio\/prueba-pagina\/wp-content\/uploads\/2025\/03\/04150625\/3_Estado_analitico_de_ingreso_detallado.pdf\" target=\"_blank\" download><i class=\"bi bi-file-earmark-pdf\"><\/i><\/a><\/td>\n            <td><a href=\"https:\/\/portal.fgeo.gob.mx\/minio\/prueba-pagina\/wp-content\/uploads\/2025\/03\/04150627\/4to-estado-analitico-ingreso-tellado.pdf\" target=\"_blank\" download><i class=\"bi bi-file-earmark-pdf\"><\/i><\/a><\/td> <!-- Nueva celda a\u00f1adida -->\n        <\/tr>\n        <tr>\n            <td>Estado de Situaci\u00f3n Financiera Detallado<\/td>\n            <td><a href=\"https:\/\/portal.fgeo.gob.mx\/minio\/prueba-pagina\/wp-content\/uploads\/2025\/03\/04151126\/14-INF-CORRESP-LDF-1erTrim-2023-5.pdf\" target=\"_blank\" download><i class=\"bi bi-file-earmark-pdf\"><\/i><\/a><\/td>\n            <td><a href=\"https:\/\/portal.fgeo.gob.mx\/minio\/prueba-pagina\/wp-content\/uploads\/2025\/03\/04151122\/7.-Estado-de-Situacion-Financiera-Detallado-LDF-2doTrim-2023.pdf\" target=\"_blank\" download><i class=\"bi bi-file-earmark-pdf\"><\/i><\/a><\/td>\n            <td><a href=\"https:\/\/portal.fgeo.gob.mx\/minio\/prueba-pagina\/wp-content\/uploads\/2025\/03\/04151120\/3_Estado_analitico_de_ingreso_detallado-1.pdf\" target=\"_blank\" download><i class=\"bi bi-file-earmark-pdf\"><\/i><\/a><\/td>\n            <td><a href=\"https:\/\/portal.fgeo.gob.mx\/minio\/prueba-pagina\/wp-content\/uploads\/2025\/03\/04151118\/4to-estado-situacion-financiera-detallado.pdf\" target=\"_blank\" download><i class=\"bi bi-file-earmark-pdf\"><\/i><\/a><\/td> <!-- Nueva celda a\u00f1adida -->\n        <\/tr>\n        <tr>\n            <td>Informe Anal\u00edtico de la Deuda P\u00fablica y otros Pasivos<\/td>\n            <td><a href=\"https:\/\/portal.fgeo.gob.mx\/minio\/prueba-pagina\/wp-content\/uploads\/2025\/03\/04151819\/14-INF-CORRESP-LDF-1erTrim-2023-6.pdf\" target=\"_blank\" download><i class=\"bi bi-file-earmark-pdf\"><\/i><\/a><\/td>\n            <td><a href=\"https:\/\/portal.fgeo.gob.mx\/minio\/prueba-pagina\/wp-content\/uploads\/2025\/03\/04151821\/8.-Deuda-Publica-y-Otros-Pasivos-LDF-2doTrim-2023.pdf\" target=\"_blank\" download><i class=\"bi bi-file-earmark-pdf\"><\/i><\/a><\/td>\n            <td><a href=\"https:\/\/portal.fgeo.gob.mx\/minio\/prueba-pagina\/wp-content\/uploads\/2025\/03\/04151822\/3_Informe-Analitico_de_la_Deuda_Publica_y_Otros_Pasivos.pdf\" target=\"_blank\" download><i class=\"bi bi-file-earmark-pdf\"><\/i><\/a><\/td>\n            <td><a href=\"https:\/\/portal.fgeo.gob.mx\/minio\/prueba-pagina\/wp-content\/uploads\/2025\/03\/04151825\/4to-informe-analitico-deuda-publica-otros-pasivos.pdf\" target=\"_blank\" download><i class=\"bi bi-file-earmark-pdf\"><\/i><\/a><\/td> <!-- Nueva celda a\u00f1adida -->\n        <\/tr>\n        <tr>\n            <td>Informe Anal\u00edtico de Obligaciones Diferentes de Financiamiento<\/td>\n            <td><a href=\"https:\/\/portal.fgeo.gob.mx\/minio\/prueba-pagina\/wp-content\/uploads\/2025\/03\/04152135\/14-INF-CORRESP-LDF-1erTrim-2023-7.pdf\" target=\"_blank\" download><i class=\"bi bi-file-earmark-pdf\"><\/i><\/a><\/td>\n            <td><a href=\"https:\/\/portal.fgeo.gob.mx\/minio\/prueba-pagina\/wp-content\/uploads\/2025\/03\/04152138\/9.-Obligaciones-Diferentes-de-Financiamientos-LDF-2doTrim-2023.pdf\" target=\"_blank\" download><i class=\"bi bi-file-earmark-pdf\"><\/i><\/a><\/td>\n            <td><a href=\"https:\/\/portal.fgeo.gob.mx\/minio\/prueba-pagina\/wp-content\/uploads\/2025\/03\/04152140\/3_Informe_analitico_de_obligaciones_diferentes_de_financiamiento.pdf\" target=\"_blank\" download><i class=\"bi bi-file-earmark-pdf\"><\/i><\/a><\/td>\n            <td><a href=\"https:\/\/portal.fgeo.gob.mx\/minio\/prueba-pagina\/wp-content\/uploads\/2025\/03\/04152143\/4to-informe-obligaciones-diferentes-financiamiento.pdf\" target=\"_blank\" download><i class=\"bi bi-file-earmark-pdf\"><\/i><\/a><\/td> <!-- Nueva celda a\u00f1adida -->\n        <\/tr>\n        <tr>\n            <td>Informe Sobre Estudios Actuariales<\/td>\n            <td><a href=\"https:\/\/portal.fgeo.gob.mx\/minio\/prueba-pagina\/wp-content\/uploads\/2025\/03\/04152135\/14-INF-CORRESP-LDF-1erTrim-2023-7.pdf\" target=\"_blank\" download><i class=\"bi bi-file-earmark-pdf\"><\/i><\/a><\/td>\n            <td><a href=\"https:\/\/portal.fgeo.gob.mx\/minio\/prueba-pagina\/wp-content\/uploads\/2025\/03\/04152138\/9.-Obligaciones-Diferentes-de-Financiamientos-LDF-2doTrim-2023.pdf\" target=\"_blank\" download><i class=\"bi bi-file-earmark-pdf\"><\/i><\/a><\/td>\n            <td><a href=\"https:\/\/portal.fgeo.gob.mx\/minio\/prueba-pagina\/wp-content\/uploads\/2025\/03\/04152140\/3_Informe_analitico_de_obligaciones_diferentes_de_financiamiento.pdf\" target=\"_blank\" download><i class=\"bi bi-file-earmark-pdf\"><\/i><\/a><\/td>\n            <td><a href=\"https:\/\/portal.fgeo.gob.mx\/minio\/prueba-pagina\/wp-content\/uploads\/2025\/03\/04152143\/4to-informe-obligaciones-diferentes-financiamiento.pdf\" target=\"_blank\" download><i class=\"bi bi-file-earmark-pdf\"><\/i><\/a><\/td> <!-- Nueva celda a\u00f1adida -->\n        <\/tr>\n    <\/tbody>\n<\/table>\n\n        \n        <style>\n        table td, table th {\n    text-transform: uppercase;\n  }\n            .container {\n    max-width: 1200px;\n    margin: 0 auto;\n    padding: 20px;\n}\n\n\n.container {\n    max-width: 1200px;\n    margin: 0 auto;\n    padding: 20px;\n}\n\n.tabla {\n    width: 100%;\n    border-collapse: collapse;\n    margin-top: 20px;\n    background-color: none; \/* Eliminado el fondo gris *\/\n}\n\n.tabla th, .tabla td {\n    padding: 12px;\n    text-align: center;\n    border-bottom: 1px solid #ddd; \/* Borde inferior en lugar de bordes alrededor *\/\n}\n\n.tabla th {\n    background-color: #09256A; \/* Color azul para el encabezado *\/\n    color: white;\n    font-weight: bold;\n    border-radius: 5px 5px 0 0; \/* Redondeo de los bordes superiores *\/\n}\n\n.tabla td i {\n    font-size: 20px;\n    color: #09256A;\n    cursor: pointer;\n}\n\n.tabla td i:hover {\n    color: #051d4b; \/* Cambio de color al pasar el rat\u00f3n *\/\n}\n            \n        <\/style>\t\t\t\t<\/div>\n\t\t\t\t<\/div>\n\t\t\t\t<div class=\"elementor-element elementor-element-2c81cbdb elementor-widget elementor-widget-spacer\" data-id=\"2c81cbdb\" data-element_type=\"widget\" data-e-type=\"widget\" data-widget_type=\"spacer.default\">\n\t\t\t\t<div class=\"elementor-widget-container\">\n\t\t\t\t\t\t\t<div class=\"elementor-spacer\">\n\t\t\t<div class=\"elementor-spacer-inner\"><\/div>\n\t\t<\/div>\n\t\t\t\t\t\t<\/div>\n\t\t\t\t<\/div>\n\t\t\t\t\t<\/div>\n\t\t\t\t<\/div>\n\t\t\t\t<\/div>\n\t\t","protected":false},"excerpt":{"rendered":"<p>LEY DE DISCIPLINA FINANCIERA 2023 Contenedor Horizontal 2022 2023 2024 2025 2026 Ley de Disciplina Financiera Primer Trimestre Segundo Trimestre Tercer Trimestre Cuarto Trimestre Balance Presupuestario Estado Anal\u00edtico del Ejercicio del Presupuesto de Egresos Detallado por Clasificaci\u00f3n Administrativa Estado Anal\u00edtico [&hellip;]<\/p>\n","protected":false},"author":1,"featured_media":0,"parent":0,"menu_order":0,"comment_status":"closed","ping_status":"closed","template":"","meta":{"_acf_changed":false,"footnotes":""},"class_list":["post-2256","page","type-page","status-publish","hentry"],"acf":[],"mb":[],"mfb_rest_fields":["title","gutenberg_elementor_mode"],"_links":{"self":[{"href":"https:\/\/portal.fgeo.gob.mx\/index.php\/wp-json\/wp\/v2\/pages\/2256","targetHints":{"allow":["GET"]}}],"collection":[{"href":"https:\/\/portal.fgeo.gob.mx\/index.php\/wp-json\/wp\/v2\/pages"}],"about":[{"href":"https:\/\/portal.fgeo.gob.mx\/index.php\/wp-json\/wp\/v2\/types\/page"}],"author":[{"embeddable":true,"href":"https:\/\/portal.fgeo.gob.mx\/index.php\/wp-json\/wp\/v2\/users\/1"}],"replies":[{"embeddable":true,"href":"https:\/\/portal.fgeo.gob.mx\/index.php\/wp-json\/wp\/v2\/comments?post=2256"}],"version-history":[{"count":3,"href":"https:\/\/portal.fgeo.gob.mx\/index.php\/wp-json\/wp\/v2\/pages\/2256\/revisions"}],"predecessor-version":[{"id":22897,"href":"https:\/\/portal.fgeo.gob.mx\/index.php\/wp-json\/wp\/v2\/pages\/2256\/revisions\/22897"}],"wp:attachment":[{"href":"https:\/\/portal.fgeo.gob.mx\/index.php\/wp-json\/wp\/v2\/media?parent=2256"}],"curies":[{"name":"wp","href":"https:\/\/api.w.org\/{rel}","templated":true}]}}