{"id":168,"date":"2024-10-30T09:37:52","date_gmt":"2024-10-30T15:37:52","guid":{"rendered":"https:\/\/portal.fgeo.gob.mx\/?page_id=168"},"modified":"2025-12-02T14:46:14","modified_gmt":"2025-12-02T20:46:14","slug":"contacto","status":"publish","type":"page","link":"https:\/\/portal.fgeo.gob.mx\/index.php\/contacto","title":{"rendered":"Contacto"},"content":{"rendered":"\t\t<div data-elementor-type=\"wp-page\" data-elementor-id=\"168\" class=\"elementor elementor-168\">\n\t\t\t\t<div class=\"elementor-element elementor-element-ddb19c6 e-flex e-con-boxed e-con e-parent\" data-id=\"ddb19c6\" data-element_type=\"container\" data-e-type=\"container\">\n\t\t\t\t\t<div class=\"e-con-inner\">\n\t\t\t\t<div class=\"elementor-element elementor-element-0c087ac elementor-widget elementor-widget-spacer\" data-id=\"0c087ac\" data-element_type=\"widget\" data-e-type=\"widget\" data-widget_type=\"spacer.default\">\n\t\t\t\t<div class=\"elementor-widget-container\">\n\t\t\t\t\t\t\t<div class=\"elementor-spacer\">\n\t\t\t<div class=\"elementor-spacer-inner\"><\/div>\n\t\t<\/div>\n\t\t\t\t\t\t<\/div>\n\t\t\t\t<\/div>\n\t\t\t\t\t<\/div>\n\t\t\t\t<\/div>\n\t\t<div class=\"elementor-element elementor-element-1ba1dd4 e-flex e-con-boxed e-con e-parent\" data-id=\"1ba1dd4\" data-element_type=\"container\" data-e-type=\"container\">\n\t\t\t\t\t<div class=\"e-con-inner\">\n\t\t\t\t<div class=\"elementor-element elementor-element-3426754 elementor-widget elementor-widget-html\" data-id=\"3426754\" data-element_type=\"widget\" data-e-type=\"widget\" data-widget_type=\"html.default\">\n\t\t\t\t<div class=\"elementor-widget-container\">\n\t\t\t\t\t<p class=\"section-title\">CONTACTO<\/p>\n<style>.section-title {\n      font-weight: bold;\n      font-size: 1.5rem;\n      color: rgb(33, 59, 124, 1) !important;\n     text-shadow: 2px 5px 5px rgba(0,0,0,.3); \n    font-family: \"titillium web\";\n    font-size: 45px;\n    text-align: center;\n    \n}\n    <\/style>\n   \t\t\t\t<\/div>\n\t\t\t\t<\/div>\n\t\t\t\t\t<\/div>\n\t\t\t\t<\/div>\n\t\t<div class=\"elementor-element elementor-element-574a013 e-flex e-con-boxed e-con e-parent\" data-id=\"574a013\" data-element_type=\"container\" data-e-type=\"container\">\n\t\t\t\t\t<div class=\"e-con-inner\">\n\t\t\t\t<div class=\"elementor-element elementor-element-61da1fe elementor-widget elementor-widget-spacer\" data-id=\"61da1fe\" data-element_type=\"widget\" data-e-type=\"widget\" data-widget_type=\"spacer.default\">\n\t\t\t\t<div class=\"elementor-widget-container\">\n\t\t\t\t\t\t\t<div class=\"elementor-spacer\">\n\t\t\t<div class=\"elementor-spacer-inner\"><\/div>\n\t\t<\/div>\n\t\t\t\t\t\t<\/div>\n\t\t\t\t<\/div>\n\t\t\t\t\t<\/div>\n\t\t\t\t<\/div>\n\t\t<div class=\"elementor-element elementor-element-700f1cd e-flex e-con-boxed e-con e-parent\" data-id=\"700f1cd\" data-element_type=\"container\" data-e-type=\"container\">\n\t\t\t\t\t<div class=\"e-con-inner\">\n\t\t<div class=\"elementor-element elementor-element-57eddbb e-con-full e-flex e-con e-child\" data-id=\"57eddbb\" data-element_type=\"container\" data-e-type=\"container\">\n\t\t<div class=\"elementor-element elementor-element-0d3cacc e-con-full e-flex e-con e-child\" data-id=\"0d3cacc\" data-element_type=\"container\" data-e-type=\"container\">\n\t\t\t\t<div class=\"elementor-element elementor-element-ddc5a47 elementor-widget elementor-widget-heading\" data-id=\"ddc5a47\" data-element_type=\"widget\" data-e-type=\"widget\" data-widget_type=\"heading.default\">\n\t\t\t\t<div class=\"elementor-widget-container\">\n\t\t\t\t\t<h2 class=\"elementor-heading-title elementor-size-default\">\u00bfTienes alguna duda?<\/h2>\t\t\t\t<\/div>\n\t\t\t\t<\/div>\n\t\t\t\t<\/div>\n\t\t\t\t<div class=\"elementor-element elementor-element-9648ce1 elementor-widget elementor-widget-text-editor\" data-id=\"9648ce1\" data-element_type=\"widget\" data-e-type=\"widget\" data-widget_type=\"text-editor.default\">\n\t\t\t\t<div class=\"elementor-widget-container\">\n\t\t\t\t\t\t\t\t\t<div class=\"col-xs-12 pad-bot\">\n<h4 class=\"title seccion \">Escr\u00edbele al Fiscal General<\/h4>\n<\/div>\n<div class=\"col-lg-6 col-md-6 pad-bot\">\n<div class=\"row\">\n<div class=\"col-xs-12\">\n<div id=\"contentForm\">\n<div id=\"wpcf7-f511-p179-o1\" class=\"wpcf7\" dir=\"ltr\" lang=\"es-MX\" role=\"form\"><\/div>\n<\/div>\n<\/div>\n<\/div>\n<\/div>\t\t\t\t\t\t\t\t<\/div>\n\t\t\t\t<\/div>\n\t\t<div class=\"elementor-element elementor-element-30a5f06 e-con-full e-flex e-con e-child\" data-id=\"30a5f06\" data-element_type=\"container\" data-e-type=\"container\">\n\t\t\t\t<div class=\"elementor-element elementor-element-bd7edac elementor-widget elementor-widget-html\" data-id=\"bd7edac\" data-element_type=\"widget\" data-e-type=\"widget\" data-widget_type=\"html.default\">\n\t\t\t\t<div class=\"elementor-widget-container\">\n\t\t\t\t\t<style id=\"wpforms-css-vars-3811\">\n\t\t\t\t#wpforms-3811 {\n\t\t\t\t--wpforms-container-padding: 0px;\n--wpforms-container-border-width: 1px;\n--wpforms-container-border-radius: 3px;\n--wpforms-background-color: rgba(0, 0, 0, 0);\n--wpforms-field-size-input-height: 43px;\n--wpforms-field-size-input-spacing: 15px;\n--wpforms-field-size-font-size: 16px;\n--wpforms-field-size-line-height: 19px;\n--wpforms-field-size-padding-h: 14px;\n--wpforms-field-size-checkbox-size: 16px;\n--wpforms-field-size-sublabel-spacing: 5px;\n--wpforms-field-size-icon-size: 1;\n--wpforms-label-size-font-size: 16px;\n--wpforms-label-size-line-height: 19px;\n--wpforms-label-size-sublabel-font-size: 14px;\n--wpforms-label-size-sublabel-line-height: 17px;\n--wpforms-button-size-font-size: 17px;\n--wpforms-button-size-height: 41px;\n--wpforms-button-size-padding-h: 15px;\n--wpforms-button-size-margin-top: 10px;\n--wpforms-container-shadow-size-box-shadow: none;\n\t\t\t}\n\t\t\t<\/style><div class=\"wpforms-container wpforms-container-full wpforms-render-modern\" id=\"wpforms-3811\"><form id=\"wpforms-form-3811\" class=\"wpforms-validate wpforms-form wpforms-ajax-form\" data-formid=\"3811\" method=\"post\" enctype=\"multipart\/form-data\" action=\"\/index.php\/wp-json\/wp\/v2\/pages\/168\" data-token=\"367ff4fc344057a40b6e7f5747e47766\" data-token-time=\"1777551020\"><noscript class=\"wpforms-error-noscript\">Por favor, activa JavaScript en tu navegador para completar este formulario.<\/noscript><div id=\"wpforms-error-noscript\" style=\"display: none;\">Por favor, activa JavaScript en tu navegador para completar este formulario.<\/div><div class=\"wpforms-field-container\"><div id=\"wpforms-3811-field_6-container\" class=\"wpforms-field wpforms-field-name\" data-field-id=\"6\"><fieldset><legend class=\"wpforms-field-label\">Nombre <span class=\"wpforms-required-label\" aria-hidden=\"true\">*<\/span><\/legend><div class=\"wpforms-field-row wpforms-field-medium\"><div class=\"wpforms-field-row-block wpforms-first wpforms-one-half\"><input type=\"text\" id=\"wpforms-3811-field_6\" class=\"wpforms-field-name-first wpforms-field-required\" name=\"wpforms[fields][6][first]\" aria-errormessage=\"wpforms-3811-field_6-error\" required><label for=\"wpforms-3811-field_6\" class=\"wpforms-field-sublabel after\">Nombre<\/label><\/div><div class=\"wpforms-field-row-block wpforms-one-half\"><input type=\"text\" id=\"wpforms-3811-field_6-last\" class=\"wpforms-field-name-last wpforms-field-required\" name=\"wpforms[fields][6][last]\" aria-errormessage=\"wpforms-3811-field_6-last-error\" required><label for=\"wpforms-3811-field_6-last\" class=\"wpforms-field-sublabel after\">Apellidos<\/label><\/div><\/div><\/fieldset><\/div><div id=\"wpforms-3811-field_4-container\" class=\"wpforms-field wpforms-field-email\" data-field-id=\"4\"><fieldset><legend class=\"wpforms-field-label\">Correo electr\u00f3nico <span class=\"wpforms-required-label\" aria-hidden=\"true\">*<\/span><\/legend><div class=\"wpforms-field-row wpforms-field-medium\"><div class=\"wpforms-field-row-block wpforms-one-half wpforms-first\"><input type=\"email\" id=\"wpforms-3811-field_4\" class=\"wpforms-field-required wpforms-field-email-primary\" data-disable-suggestions=\"1\" name=\"wpforms[fields][4][primary]\" spellcheck=\"false\" aria-errormessage=\"wpforms-3811-field_4-error\" required><label for=\"wpforms-3811-field_4\" class=\"wpforms-field-sublabel after\">Correo electr\u00f3nico<\/label><\/div><div class=\"wpforms-field-row-block wpforms-one-half\"><input type=\"email\" id=\"wpforms-3811-field_4-secondary\" class=\"wpforms-field-email-secondary wpforms-field-required\" data-rule-confirm=\"#wpforms-3811-field_4\" data-disable-suggestions=\"1\" name=\"wpforms[fields][4][secondary]\" spellcheck=\"false\" aria-errormessage=\"wpforms-3811-field_4-secondary-error\" required><label for=\"wpforms-3811-field_4-secondary\" class=\"wpforms-field-sublabel after\">Confirmar el correo electr\u00f3nico<\/label><\/div><\/div><\/fieldset><\/div>\t\t<div id=\"wpforms-3811-field_1-container\"\n\t\t\tclass=\"wpforms-field wpforms-field-text\"\n\t\t\tdata-field-type=\"text\"\n\t\t\tdata-field-id=\"1\"\n\t\t\t>\n\t\t\t<label class=\"wpforms-field-label\" for=\"wpforms-3811-field_1\" >electr\u00f3nico de <\/label>\n\t\t\t<input type=\"text\" id=\"wpforms-3811-field_1\" class=\"wpforms-field-medium\" name=\"wpforms[fields][1]\" >\n\t\t<\/div>\n\t\t<div id=\"wpforms-3811-field_5-container\" class=\"wpforms-field wpforms-field-number\" data-field-id=\"5\"><label class=\"wpforms-field-label\" for=\"wpforms-3811-field_5\">Tel\u00e9fono de contacto <span class=\"wpforms-required-label\" aria-hidden=\"true\">*<\/span><\/label><input type=\"number\" id=\"wpforms-3811-field_5\" class=\"wpforms-field-small wpforms-field-required\" name=\"wpforms[fields][5]\" step=\"any\" aria-errormessage=\"wpforms-3811-field_5-error\" required><\/div><div id=\"wpforms-3811-field_3-container\" class=\"wpforms-field wpforms-field-textarea\" data-field-id=\"3\"><label class=\"wpforms-field-label\" for=\"wpforms-3811-field_3\">Mensaje <\/label><textarea id=\"wpforms-3811-field_3\" class=\"wpforms-field-medium wpforms-limit-characters-enabled\" data-form-id=\"3811\" data-field-id=\"3\" data-text-limit=\"1200\" name=\"wpforms[fields][3]\" placeholder=\"Escribe tu mensaje...\" aria-errormessage=\"wpforms-3811-field_3-error\" maxlength=\"1200\" ><\/textarea><\/div><script>\n\t\t\t\t( function() {\n\t\t\t\t\tconst style = document.createElement( 'style' );\n\t\t\t\t\tstyle.appendChild( document.createTextNode( '#wpforms-3811-field_1-container { position: absolute !important; overflow: hidden !important; display: inline !important; height: 1px !important; width: 1px !important; z-index: -1000 !important; padding: 0 !important; } #wpforms-3811-field_1-container input { visibility: hidden; } #wpforms-conversational-form-page #wpforms-3811-field_1-container label { counter-increment: none; }' ) );\n\t\t\t\t\tdocument.head.appendChild( style );\n\t\t\t\t\tdocument.currentScript?.remove();\n\t\t\t\t} )();\n\t\t\t<\/script><\/div><!-- .wpforms-field-container --><div class=\"wpforms-submit-container\" ><input type=\"hidden\" name=\"wpforms[id]\" value=\"3811\"><input type=\"hidden\" name=\"page_title\" value=\"\"><input type=\"hidden\" name=\"page_url\" value=\"https:\/\/portal.fgeo.gob.mx\/index.php\/wp-json\/wp\/v2\/pages\/168\"><input type=\"hidden\" name=\"url_referer\" value=\"\"><button type=\"submit\" name=\"wpforms[submit]\" id=\"wpforms-submit-3811\" class=\"wpforms-submit\" data-alt-text=\"Enviando...\" data-submit-text=\"Enviar\" aria-live=\"assertive\" value=\"wpforms-submit\">Enviar<\/button><img decoding=\"async\" src=\"https:\/\/portal.fgeo.gob.mx\/wp-content\/plugins\/wpforms-lite\/assets\/images\/submit-spin.svg\" class=\"wpforms-submit-spinner\" style=\"display: none;\" width=\"26\" height=\"26\" alt=\"Cargando\"><\/div><\/form><\/div>  <!-- .wpforms-container -->\t\t\t\t<\/div>\n\t\t\t\t<\/div>\n\t\t\t\t<\/div>\n\t\t\t\t<\/div>\n\t\t<div class=\"elementor-element elementor-element-58ed64f e-con-full e-flex e-con e-child\" data-id=\"58ed64f\" data-element_type=\"container\" data-e-type=\"container\">\n\t\t<div class=\"elementor-element elementor-element-2ad71c4 e-con-full e-flex e-con e-child\" data-id=\"2ad71c4\" data-element_type=\"container\" data-e-type=\"container\">\n\t\t\t\t<div class=\"elementor-element elementor-element-88f1a5a elementor-widget elementor-widget-google_maps\" data-id=\"88f1a5a\" data-element_type=\"widget\" data-e-type=\"widget\" data-widget_type=\"google_maps.default\">\n\t\t\t\t<div class=\"elementor-widget-container\">\n\t\t\t\t\t\t\t<div class=\"elementor-custom-embed\">\n\t\t\t<iframe loading=\"lazy\"\n\t\t\t\t\tsrc=\"https:\/\/maps.google.com\/maps?q=Oaxaca%2C%20ciudad%20judicial&#038;t=m&#038;z=10&#038;output=embed&#038;iwloc=near\"\n\t\t\t\t\ttitle=\"Oaxaca, ciudad judicial\"\n\t\t\t\t\taria-label=\"Oaxaca, ciudad judicial\"\n\t\t\t><\/iframe>\n\t\t<\/div>\n\t\t\t\t\t\t<\/div>\n\t\t\t\t<\/div>\n\t\t\t\t<\/div>\n\t\t<div class=\"elementor-element elementor-element-b3679d9 e-con-full e-flex e-con e-child\" data-id=\"b3679d9\" data-element_type=\"container\" data-e-type=\"container\">\n\t\t\t\t<div class=\"elementor-element elementor-element-cfc5acc elementor-widget elementor-widget-text-editor\" data-id=\"cfc5acc\" data-element_type=\"widget\" data-e-type=\"widget\" data-widget_type=\"text-editor.default\">\n\t\t\t\t<div class=\"elementor-widget-container\">\n\t\t\t\t\t\t\t\t\t<h4 style=\"text-align: center;\"><span style=\"color: #000000;\">Nos encontramos en la siguiente ubicaci\u00f3n<\/span><\/h4>\t\t\t\t\t\t\t\t<\/div>\n\t\t\t\t<\/div>\n\t\t\t\t<div class=\"elementor-element elementor-element-8791015 elementor-widget elementor-widget-text-editor\" data-id=\"8791015\" data-element_type=\"widget\" data-e-type=\"widget\" data-widget_type=\"text-editor.default\">\n\t\t\t\t<div class=\"elementor-widget-container\">\n\t\t\t\t\t\t\t\t\t<p><span style=\"color: #999999;\">Centro Administrativo del Poder Ejecutivo y Judicial General Porfirio D\u00edaz, Edificio Jes\u00fas &#8220;Chu&#8221; Rasgado y Alvaro Carrillo, Reyes Mantec\u00f3n, San Bartolo Coyotep\u00e9c, Oaxaca, C.P. 71257<\/span><\/p>\t\t\t\t\t\t\t\t<\/div>\n\t\t\t\t<\/div>\n\t\t<div class=\"elementor-element elementor-element-32b2ba9 e-con-full e-flex e-con e-child\" data-id=\"32b2ba9\" data-element_type=\"container\" data-e-type=\"container\">\n\t\t\t\t<div class=\"elementor-element elementor-element-586b581 elementor-widget elementor-widget-text-editor\" data-id=\"586b581\" data-element_type=\"widget\" data-e-type=\"widget\" data-widget_type=\"text-editor.default\">\n\t\t\t\t<div class=\"elementor-widget-container\">\n\t\t\t\t\t\t\t\t\t<p><span style=\"color: #999999;\">Tel\u00e9fono: 5016900 ext. 20602<\/span><\/p>\n<p><span style=\"color: #999999;\">Denuncia an\u00f3nima: 01 800 00 77 628 \u00f3 01 951 5010 486<\/span><\/p>\n<p><span style=\"color: #999999;\">Horario: Lunes a viernes, 9:00 a 15:00 hrs<\/span><\/p><p><span style=\"color: rgb(153, 153, 153);\">contacto.fiscalia@fge.oaxaca.gob.mx<\/span><\/p>\t\t\t\t\t\t\t\t<\/div>\n\t\t\t\t<\/div>\n\t\t\t\t<\/div>\n\t\t\t\t<\/div>\n\t\t\t\t<\/div>\n\t\t\t\t\t<\/div>\n\t\t\t\t<\/div>\n\t\t<div class=\"elementor-element elementor-element-01c9cf8 e-flex e-con-boxed e-con e-parent\" data-id=\"01c9cf8\" data-element_type=\"container\" data-e-type=\"container\">\n\t\t\t\t\t<div class=\"e-con-inner\">\n\t\t\t\t<div class=\"elementor-element elementor-element-76179ef elementor-widget elementor-widget-html\" data-id=\"76179ef\" data-element_type=\"widget\" data-e-type=\"widget\" data-widget_type=\"html.default\">\n\t\t\t\t<div class=\"elementor-widget-container\">\n\t\t\t\t\t<script>\r\njQuery(function($){\r\n  \/\/ Funci\u00f3n que formatea el texto ingl\u00e9s a espa\u00f1ol\r\n  function traducirTexto(text){\r\n    \/\/ manejar formatos comunes: \"0 of 1200 max characters.\" \/ \"0 of 1200 characters remaining\" etc.\r\n    \/\/ extraemos n\u00fameros actuales y max\r\n    const m = text.match(\/(\\d+)\\s+of\\s+(\\d+)\/i);\r\n    if(m){\r\n      const current = m[1];\r\n      const max = m[2];\r\n      return `${current} de ${max} caracteres m\u00e1ximo.`;\r\n    }\r\n    \/\/ si no hace match, devolvemos texto original\r\n    return text;\r\n  }\r\n\r\n  \/\/ Reemplaza el texto si difiere\r\n  function reemplazar($el){\r\n    const txt = $el.text().trim();\r\n    const nuevo = traducirTexto(txt);\r\n    if(nuevo !== txt){\r\n      $el.text(nuevo);\r\n    }\r\n  }\r\n\r\n  \/\/ Observador para un nodo dado\r\n  function observarNodo(node){\r\n    \/\/ ya observado?\r\n    if(node.__wpforms_observado) return;\r\n    node.__wpforms_observado = true;\r\n\r\n    \/\/ reemplazo inicial\r\n    reemplazar($(node));\r\n\r\n    \/\/ MutationObserver\r\n    const mo = new MutationObserver(function(mutations){\r\n      \/\/ Reemplazar cada vez que cambie texto\/children\r\n      reemplazar($(node));\r\n    });\r\n\r\n    mo.observe(node, { childList: true, characterData: true, subtree: true });\r\n    \/\/ tambi\u00e9n limpiar al quitar el nodo (no estrictamente necesario aqu\u00ed)\r\n  }\r\n\r\n  \/\/ Observa el DOM para elementos nuevos con esa clase (ideal para Elementor)\r\n  const rootObserver = new MutationObserver(function(muts){\r\n    muts.forEach(m => {\r\n      if(m.addedNodes && m.addedNodes.length){\r\n        m.addedNodes.forEach(n => {\r\n          if(n.nodeType !== 1) return;\r\n          \/\/ si el nodo a\u00f1adido ES el contador\r\n          if($(n).is('.wpforms-field-limit-text')) observarNodo(n);\r\n          \/\/ si dentro del nodo hay contadores\r\n          $(n).find('.wpforms-field-limit-text').each(function(){ observarNodo(this); });\r\n        });\r\n      }\r\n    });\r\n  });\r\n  rootObserver.observe(document.body, { childList: true, subtree: true });\r\n\r\n  \/\/ Inicial: buscar todos los contadores ya presentes\r\n  $('.wpforms-field-limit-text').each(function(){ observarNodo(this); });\r\n\r\n  \/\/ Por compatibilidad: tambi\u00e9n detectar inputs y forzar reemplazo al escribir\r\n  $(document).on('input', '.wpforms-field textarea, .wpforms-field input', function(){\r\n    const $limit = $(this).closest('.wpforms-field').find('.wpforms-field-limit-text');\r\n    if($limit.length) reemplazar($limit);\r\n  });\r\n\r\n});\r\n<\/script>\r\n\t\t\t\t<\/div>\n\t\t\t\t<\/div>\n\t\t\t\t\t<\/div>\n\t\t\t\t<\/div>\n\t\t\t\t<\/div>\n\t\t","protected":false},"excerpt":{"rendered":"<p>CONTACTO \u00bfTienes alguna duda? Escr\u00edbele al Fiscal General Nos encontramos en la siguiente ubicaci\u00f3n Centro Administrativo del Poder Ejecutivo y Judicial General Porfirio D\u00edaz, Edificio Jes\u00fas &#8220;Chu&#8221; Rasgado y Alvaro Carrillo, Reyes Mantec\u00f3n, San Bartolo Coyotep\u00e9c, Oaxaca, C.P. 71257 Tel\u00e9fono: [&hellip;]<\/p>\n","protected":false},"author":1,"featured_media":0,"parent":0,"menu_order":0,"comment_status":"closed","ping_status":"closed","template":"","meta":{"_acf_changed":false,"footnotes":""},"class_list":["post-168","page","type-page","status-publish","hentry"],"acf":[],"mb":[],"mfb_rest_fields":["title","gutenberg_elementor_mode"],"_links":{"self":[{"href":"https:\/\/portal.fgeo.gob.mx\/index.php\/wp-json\/wp\/v2\/pages\/168","targetHints":{"allow":["GET"]}}],"collection":[{"href":"https:\/\/portal.fgeo.gob.mx\/index.php\/wp-json\/wp\/v2\/pages"}],"about":[{"href":"https:\/\/portal.fgeo.gob.mx\/index.php\/wp-json\/wp\/v2\/types\/page"}],"author":[{"embeddable":true,"href":"https:\/\/portal.fgeo.gob.mx\/index.php\/wp-json\/wp\/v2\/users\/1"}],"replies":[{"embeddable":true,"href":"https:\/\/portal.fgeo.gob.mx\/index.php\/wp-json\/wp\/v2\/comments?post=168"}],"version-history":[{"count":0,"href":"https:\/\/portal.fgeo.gob.mx\/index.php\/wp-json\/wp\/v2\/pages\/168\/revisions"}],"wp:attachment":[{"href":"https:\/\/portal.fgeo.gob.mx\/index.php\/wp-json\/wp\/v2\/media?parent=168"}],"curies":[{"name":"wp","href":"https:\/\/api.w.org\/{rel}","templated":true}]}}