{"id":11568,"date":"2025-03-24T10:59:09","date_gmt":"2025-03-24T16:59:09","guid":{"rendered":"https:\/\/portal.fgeo.gob.mx\/?page_id=11568"},"modified":"2025-10-07T11:25:32","modified_gmt":"2025-10-07T17:25:32","slug":"proyecto-feadm","status":"publish","type":"page","link":"https:\/\/portal.fgeo.gob.mx\/index.php\/proyecto-feadm","title":{"rendered":"proyecto feadm"},"content":{"rendered":"\t\t<div data-elementor-type=\"wp-page\" data-elementor-id=\"11568\" class=\"elementor elementor-11568\">\n\t\t\t\t<div class=\"elementor-element elementor-element-48813ce e-flex e-con-boxed e-con e-parent\" data-id=\"48813ce\" data-element_type=\"container\" data-e-type=\"container\">\n\t\t\t\t\t<div class=\"e-con-inner\">\n\t\t\t\t<div class=\"elementor-element elementor-element-1289fa1 elementor-widget elementor-widget-spacer\" data-id=\"1289fa1\" data-element_type=\"widget\" data-e-type=\"widget\" data-widget_type=\"spacer.default\">\n\t\t\t\t<div class=\"elementor-widget-container\">\n\t\t\t\t\t\t\t<div class=\"elementor-spacer\">\n\t\t\t<div class=\"elementor-spacer-inner\"><\/div>\n\t\t<\/div>\n\t\t\t\t\t\t<\/div>\n\t\t\t\t<\/div>\n\t\t\t\t<div class=\"elementor-element elementor-element-aa75d3a elementor-widget elementor-widget-html\" data-id=\"aa75d3a\" data-element_type=\"widget\" data-e-type=\"widget\" data-widget_type=\"html.default\">\n\t\t\t\t<div class=\"elementor-widget-container\">\n\t\t\t\t\t<!DOCTYPE html>\r\n<html lang=\"es\">\r\n<head>\r\n    <meta charset=\"UTF-8\">\r\n    <meta name=\"viewport\" content=\"width=device-width, initial-scale=1.0\">\r\n    <title>Instituto de Servicios Periciales<\/title>\r\n    <link href=\"https:\/\/cdn.jsdelivr.net\/npm\/bootstrap@5.3.0\/dist\/css\/bootstrap.min.css\" rel=\"stylesheet\">\r\n    <link rel=\"stylesheet\" href=\"https:\/\/cdn.jsdelivr.net\/npm\/bootstrap-icons@1.5.0\/font\/bootstrap-icons.css\">\r\n    <style>\r\n        \/* Ajustes de estilo *\/\r\n        .list-group-item {\r\n            padding: 15px;\r\n            font-size: 1rem;\r\n            background-color: rgb(0, 64, 126);\r\n            transition: all 0.3s;\r\n        }\r\n\r\n        .list-group-item:hover {\r\n            background-color: white;\r\n        }\r\n        \r\n         .icon-pdf-grande {\r\n        font-size: 3em; \/* Ajusta el tama\u00f1o del icono a tu gusto *\/\r\n        display: block; \/* Para centrar el icono *\/\r\n        margin: 0 auto; \/* Centra el icono horizontalmente *\/\r\n    }\r\n\r\n        .list-group-item h6 {\r\n            font-weight: 500;\r\n            color: white;\r\n            transition: all 0.3s;\r\n        }\r\n\r\n        h6:hover {\r\n            font-weight: 500;\r\n            color: #09256A;\r\n        }\r\n\r\n        .section {\r\n            background-color: rgb(242, 242, 242);\r\n            padding: 20px;\r\n            border-radius: 8px;\r\n            margin-bottom: 20px;\r\n            margin-top: -50px;\r\n            margin-bottom: 70px;\r\n            padding-top: 15px;\r\n        }\r\n\r\n        .section-title {\r\n            font-weight: bold;\r\n            font-size: 1.5rem;\r\n            color: rgb(58, 89, 158) !important;\r\n            text-shadow: 2px 2px 5px rgba(0, 0, 0, 0.3);\r\n            text-align: center;\r\n\r\n        }\r\n\r\n        .section-content {\r\n            font-size: 1rem;\r\n            color: #333;\r\n            text-align: justify;\r\n        }\r\n\r\n        .icon {\r\n            font-size: 1.5rem;\r\n            margin-right: 10px;\r\n        }\r\n        .btn-verde {\r\n    background-color: #1766AC; \/* Color personalizado *\/\r\n    color: white;\r\n    text-align: center;\r\n    display: flex;\r\n    align-items: center;\r\n    justify-content: center;\r\n    border: none;\r\n    border-radius: 5px;\r\n    padding: 10px;\r\n    transition: background-color 0.3s ease;\r\n    min-height: 150px; \/* Altura m\u00ednima fija *\/\r\n    width: 100%; \/* Ancho del 100% *\/\r\n  }\r\n  .btn-verde:hover {\r\n    background-color: #145a8a; \/* Color m\u00e1s oscuro al hacer hover *\/\r\n  }\r\n  .btn-verde a {\r\n    color: white !important;\r\n    text-decoration: none;\r\n    width: 100%;\r\n    height: 100%;\r\n    display: flex;\r\n    align-items: center;\r\n    justify-content: center;\r\n    padding: 20px; \/* Espaciado interno para centrar el texto *\/\r\n  }\r\n  .thumbnail {\r\n    border: none;\r\n    margin-bottom: 20px;\r\n  }\r\n  .desaparc_thumbnail {\r\n    background-color: #f8f9fa;\r\n    border-radius: 8px;\r\n    padding: 10px;\r\n  }\r\n\r\n        .table-container {\r\n            background-color: white;\r\n            padding: 20px;\r\n            border-radius: 8px;\r\n            margin-top: 20px;\r\n            margin-bottom: 20px;\r\n            box-shadow: 0 4px 6px rgba(0, 0, 0, 0.1);\r\n        }\r\n\r\n         .tabla {\r\n        width: 100%;\r\n        border-collapse: collapse;\r\n        margin-top: 20px;\r\n        background-color: none; \/* Eliminado el fondo gris *\/\r\n    }\r\n\r\n    .tabla th, .tabla td {\r\n        padding: 12px;\r\n        text-align: center;\r\n        border-bottom: 1px solid #ddd; \/* Borde inferior en lugar de bordes alrededor *\/\r\n    }\r\n    \r\n    .tabla th {\r\n        background-color: #3A599E; \/* Color azul para el encabezado *\/\r\n        color: white;\r\n        font-weight: bold;\r\n        border-radius: 5px 5px 0 0; \/* Redondeo de los bordes superiores *\/\r\n    }\r\n    \r\n    .tabla td i {\r\n        font-size: 20px;\r\n        color: #09256A;\r\n        cursor: pointer;\r\n    }\r\n    \r\n    .tabla td i:hover {\r\n        color: #051d4b; \/* Cambio de color al pasar el rat\u00f3n *\/\r\n    }\r\n\r\n    <\/style>\r\n<\/head>\r\n<body>\r\n    <div class=\"container\">\r\n        <div class=\"row\">\r\n            <!-- Men\u00fa lateral (izquierda) -->\r\n            <div class=\"col-md-4 col-lg-3\">\r\n                <ul class=\"list-group mb-3\">\r\n                    <li class=\"list-group-item d-flex justify-content-between lh-sm\">\r\n                        <a href=\"javascript:void(0);\" onclick=\"showContent('1')\" class=\"text-decoration-none text-dark w-100\">\r\n                            <h6 class=\"my-0\">AVGM\/OAX\/AC04\/FGE\/019\r\n\r\n<\/h6>\r\n                        <\/a>\r\n                    <\/li>\r\n                    <li class=\"list-group-item d-flex justify-content-between lh-sm\">\r\n                        <a href=\"javascript:void(0);\" onclick=\"showContent('2')\" class=\"text-decoration-none text-dark w-100\">\r\n                            <h6 class=\"my-0\">AVGM\/OAX\/AC04\/FGE\/054\r\n\r\n<\/h6>\r\n                        <\/a>\r\n                    <\/li>\r\n                    <li class=\"list-group-item d-flex justify-content-between lh-sm\">\r\n                        <a href=\"javascript:void(0);\" onclick=\"showContent('3')\" class=\"text-decoration-none text-dark w-100\">\r\n                            <h6 class=\"my-0\">BOLETINES INFORMATIVOS\r\n<\/h6>\r\n                        <\/a>\r\n                    <\/li>\r\n                  \r\n                  \r\n                <\/ul>\r\n            <\/div>\r\n\r\n            <!-- Contenido principal (derecha) -->\r\n            <div class=\"col-md-8 col-lg-9\">\r\n                <div id=\"1\" class=\"content-section\">\r\n                    <div class=\"container mt-5\">\r\n                        <div class=\"section\">\r\n                            <h2 class=\"section-title\"> AVGM\/OAX\/AC04\/FGE\/019<\/h2>\r\n                            <br>\r\n                            <p class=\"section-content\">OPERADO CON RECURSOS E015 PROMOVER LA ATENCI\u00d3N Y PREVENCI\u00d3N DE LA VIOLENCIA CONTRA LAS MUJERES.\r\nESTE PROGRAMA ES P\u00daBLICO AJENO A CUALQUIER PARTIDO POL\u00cdTICO, QUEDA PROHIBIDO SU USO PARA FINES DISTINTOS A LOS ESTABLECIDOS EN EL PROGRAMA.<\/p>\r\n                             <div class=\"row\" style=\"padding-top: 50px;\">\r\n                                   <!-- Documento 1: Edicto -->\r\n    <div class=\"col-md-3 col-sm-6 col-12\">\r\n      <div class=\"thumbnail desaparc_thumbnail\">\r\n        <div class=\"btn-verde\">\r\n          <a href=\"#\" onclick=\"mostrarModalPDF('Edicto', 'https:\/\/portal.fgeo.gob.mx\/minio\/prueba-pagina\/wp-content\/uploads\/2025\/03\/24141446\/avance-proyecto-feadm-junio24.pdf')\">JUNIO 2024<\/a>\r\n        <\/div>\r\n      <\/div>\r\n    <\/div>\r\n\r\n    <!-- Documento 2: Recomendaci\u00f3n 1\/2021 -->\r\n    <div class=\"col-md-3 col-sm-6 col-12\">\r\n      <div class=\"thumbnail desaparc_thumbnail\">\r\n        <div class=\"btn-verde\">\r\n          <a href=\"#\" onclick=\"mostrarModalPDF('Recomendaci\u00f3n 1\/2021', 'https:\/\/portal.fgeo.gob.mx\/minio\/prueba-pagina\/wp-content\/uploads\/2025\/03\/24141630\/avance-proyecto-feadm-julio24.pdf')\">JULIO 2024<\/a>\r\n        <\/div>\r\n      <\/div>\r\n    <\/div>\r\n\r\n    <!-- Documento 3: Padr\u00f3n estatal de facilitadores certificados 2022 - 2025 -->\r\n    <div class=\"col-md-3 col-sm-6 col-12\">\r\n      <div class=\"thumbnail desaparc_thumbnail\">\r\n        <div class=\"btn-verde\">\r\n          <a href=\"#\" onclick=\"mostrarModalPDF('Padr\u00f3n estatal de facilitadores certificados 2022 - 2025', 'https:\/\/portal.fgeo.gob.mx\/minio\/prueba-pagina\/wp-content\/uploads\/2025\/03\/24141759\/avance-proyecto-feadm-agosto24.pdf')\">AGOSTO 2024<\/a>\r\n        <\/div>\r\n      <\/div>\r\n    <\/div>\r\n\r\n    <!-- Documento 4: Recomendaci\u00f3n 28\/2022 de la CNDH -->\r\n    <div class=\"col-md-3 col-sm-6 col-12\">\r\n      <div class=\"thumbnail desaparc_thumbnail\">\r\n        <div class=\"btn-verde\">\r\n          <a href=\"#\" onclick=\"mostrarModalPDF('Recomendaci\u00f3n 28\/2022 de la CNDH', 'https:\/\/portal.fgeo.gob.mx\/minio\/prueba-pagina\/wp-content\/uploads\/2025\/03\/24141855\/avance-proyecto-feadm-septiembre24.pdf')\">SEPTIEMBRE 2024<\/a>\r\n        <\/div>\r\n      <\/div>\r\n    <\/div>\r\n\r\n    <!-- Documento 5: Edicto de fecha 3 de diciembre de 2021 -->\r\n    <div class=\"col-md-3 col-sm-6 col-12\">\r\n      <div class=\"thumbnail desaparc_thumbnail\">\r\n        <div class=\"btn-verde\">\r\n          <a href=\"#\" onclick=\"mostrarModalPDF('Edicto de fecha 3 de diciembre de 2021', 'https:\/\/portal.fgeo.gob.mx\/minio\/prueba-pagina\/wp-content\/uploads\/2025\/03\/24141930\/avance-proyecto-feadm-octubre24.pdf')\">OCTUBRE 2024<\/a>\r\n        <\/div>\r\n      <\/div>\r\n    <\/div>\r\n\r\n    <!-- Documento 6: Disculpa p\u00fablica a la se\u00f1ora Benita Gloria Guzm\u00e1n Boh\u00f3rquez -->\r\n    <div class=\"col-md-3 col-sm-6 col-12\">\r\n      <div class=\"thumbnail desaparc_thumbnail\">\r\n        <div class=\"btn-verde\">\r\n          <a href=\"#\" onclick=\"mostrarModalPDF('Disculpa p\u00fablica a la se\u00f1ora Benita Gloria Guzm\u00e1n Boh\u00f3rquez', 'https:\/\/portal.fgeo.gob.mx\/minio\/prueba-pagina\/wp-content\/uploads\/2025\/03\/24141955\/avance-proyecto-feadm-noviembre24.pdf')\">NOVIEMBRE 2024<\/a>\r\n        <\/div>\r\n      <\/div>\r\n    <\/div>\r\n\r\n    <!-- Documento 7: Dictamen de fondo derivado de la comunicaci\u00f3n 2760\/2016 -->\r\n    <div class=\"col-md-3 col-sm-6 col-12\">\r\n      <div class=\"thumbnail desaparc_thumbnail\">\r\n        <div class=\"btn-verde\">\r\n          <a href=\"#\" onclick=\"mostrarModalPDF('Dictamen de fondo derivado de la comunicaci\u00f3n 2760\/2016', 'https:\/\/portal.fgeo.gob.mx\/minio\/prueba-pagina\/wp-content\/uploads\/2025\/03\/24142102\/avance-proyecto-feadm-diciembre24.pdf')\">DICIEMBRE 2024<\/a>\r\n        <\/div>\r\n      <\/div>\r\n    <\/div>\r\n\r\n    <!-- Documento 8: Cartilla de derechos de las v\u00edctimas -->\r\n    <div class=\"col-md-3 col-sm-6 col-12\">\r\n      <div class=\"thumbnail desaparc_thumbnail\">\r\n        <div class=\"btn-verde\">\r\n          <a href=\"#\" onclick=\"mostrarModalPDF('Cartilla de derechos de las v\u00edctimas', 'https:\/\/portal.fgeo.gob.mx\/minio\/prueba-pagina\/wp-content\/uploads\/2025\/03\/24142142\/informe-final-resultados-proyecto-conavim.pdf')\">INFORME FINAL DE RESULTADOS<\/a>\r\n        <\/div>\r\n      <\/div>\r\n    <\/div>\r\n    \r\n                              <\/div>\r\n\r\n                        <\/div>\r\n                    <\/div>\r\n                <\/div>\r\n\r\n                <div id=\"2\" class=\"content-section\" style=\"display: none;\">\r\n                    <div class=\"container mt-5\">\r\n                        <div class=\"section\">\r\n                            <h2 class=\"section-title\"> AVGM\/OAX\/AC04\/FGE\/054<\/h2>\r\n                            <br>\r\n                            <p class=\"section-content\">OPERADO CON RECURSOS E015 PROMOVER LA ATENCI\u00d3N Y PREVENCI\u00d3N DE LA VIOLENCIA CONTRA LAS MUJERES.\r\nESTE PROGRAMA ES P\u00daBLICO AJENO A CUALQUIER PARTIDO POL\u00cdTICO, QUEDA PROHIBIDO SU USO PARA FINES DISTINTOS A LOS ESTABLECIDOS EN EL PROGRAMA.<\/p>\r\n                             <div class=\"row\" style=\"padding-top: 50px;\">\r\n    <div class=\"col-md-3 col-sm-6 col-12\">\r\n      <div class=\"thumbnail desaparc_thumbnail\">\r\n        <div class=\"btn-verde\">\r\n          <a href=\"#\" onclick=\"mostrarModalPDF('Edicto', 'https:\/\/portal.fgeo.gob.mx\/minio\/prueba-pagina\/wp-content\/uploads\/2025\/03\/24142325\/avance-proyecto-feadm-junio23.pdf')\">JUNIO 2023<\/a>\r\n        <\/div>\r\n      <\/div>\r\n    <\/div>\r\n\r\n    <div class=\"col-md-3 col-sm-6 col-12\">\r\n      <div class=\"thumbnail desaparc_thumbnail\">\r\n        <div class=\"btn-verde\">\r\n          <a href=\"#\" onclick=\"mostrarModalPDF('Recomendaci\u00f3n 1\/2021', 'https:\/\/portal.fgeo.gob.mx\/minio\/prueba-pagina\/wp-content\/uploads\/2025\/03\/24142425\/avance-proyecto-feadm-julio23.pdf')\">JULIO 2023<\/a>\r\n        <\/div>\r\n      <\/div>\r\n    <\/div>\r\n\r\n    <div class=\"col-md-3 col-sm-6 col-12\">\r\n      <div class=\"thumbnail desaparc_thumbnail\">\r\n        <div class=\"btn-verde\">\r\n          <a href=\"#\" onclick=\"mostrarModalPDF('Padr\u00f3n estatal de facilitadores certificados 2022 - 2025', 'https:\/\/portal.fgeo.gob.mx\/minio\/prueba-pagina\/wp-content\/uploads\/2025\/03\/24142445\/avance-proyecto-feadm-agosto23.pdf')\">AGOSTO 2023<\/a>\r\n        <\/div>\r\n      <\/div>\r\n    <\/div>\r\n\r\n    <div class=\"col-md-3 col-sm-6 col-12\">\r\n      <div class=\"thumbnail desaparc_thumbnail\">\r\n        <div class=\"btn-verde\">\r\n          <a href=\"#\" onclick=\"mostrarModalPDF('Recomendaci\u00f3n 28\/2022 de la CNDH', 'https:\/\/portal.fgeo.gob.mx\/minio\/prueba-pagina\/wp-content\/uploads\/2025\/03\/24142506\/avance-proyecto-feadm-septiembre23.pdf')\">SEPTIEMBRE 2023<\/a>\r\n        <\/div>\r\n      <\/div>\r\n    <\/div>\r\n\r\n    <!-- Documento 5: Edicto de fecha 3 de diciembre de 2021 -->\r\n    <div class=\"col-md-3 col-sm-6 col-12\">\r\n      <div class=\"thumbnail desaparc_thumbnail\">\r\n        <div class=\"btn-verde\">\r\n          <a href=\"#\" onclick=\"mostrarModalPDF('Edicto de fecha 3 de diciembre de 2021', 'https:\/\/portal.fgeo.gob.mx\/minio\/prueba-pagina\/wp-content\/uploads\/2025\/03\/24143927\/avance-proyecto-feadm-octubre23-1.pdf')\">OCTUBRE 2023<\/a>\r\n        <\/div>\r\n      <\/div>\r\n    <\/div>\r\n\r\n    <div class=\"col-md-3 col-sm-6 col-12\">\r\n      <div class=\"thumbnail desaparc_thumbnail\">\r\n        <div class=\"btn-verde\">\r\n          <a href=\"#\" onclick=\"mostrarModalPDF('Disculpa p\u00fablica a la se\u00f1ora Benita Gloria Guzm\u00e1n Boh\u00f3rquez', 'https:\/\/portal.fgeo.gob.mx\/minio\/prueba-pagina\/wp-content\/uploads\/2025\/03\/24144001\/avance-proyecto-feadm-noviembre23.pdf')\">NOVIEMBRE 2023<\/a>\r\n        <\/div>\r\n      <\/div>\r\n    <\/div>\r\n\r\n    <div class=\"col-md-3 col-sm-6 col-12\">\r\n      <div class=\"thumbnail desaparc_thumbnail\">\r\n        <div class=\"btn-verde\">\r\n          <a href=\"#\" onclick=\"mostrarModalPDF('Dictamen de fondo derivado de la comunicaci\u00f3n 2760\/2016', 'https:\/\/portal.fgeo.gob.mx\/minio\/prueba-pagina\/wp-content\/uploads\/2025\/03\/24144255\/avance-proyecto-feadm-diciembre23.pdf')\">DICIEMBRE 2023<\/a>\r\n        <\/div>\r\n      <\/div>\r\n    <\/div>\r\n\r\n \r\n    \r\n                              <\/div>\r\n\r\n                        <\/div>\r\n                    <\/div>\r\n                <\/div>\r\n\r\n                <div id=\"3\" class=\"content-section\" style=\"display: none;\">\r\n                    <div class=\"container mt-5\">\r\n                        <div class=\"section\">\r\n                            <h2 class=\"section-title\"> BOLETINES INFORMATIVOS<\/h2>\r\n                            <br>\r\n                         \r\n                             <div class=\"row\" style=\"padding-top: 50px;\">\r\n    <div class=\"col-md-3 col-sm-6 col-12\">\r\n      <div class=\"thumbnail desaparc_thumbnail\">\r\n        <div class=\"btn-verde\">\r\n          <a href=\"#\" onclick=\"mostrarModalPDF('Edicto', 'https:\/\/portal.fgeo.gob.mx\/minio\/prueba-pagina\/wp-content\/uploads\/2025\/03\/24153038\/Anexo-08-infografia.pdf')\">INFOGRAF\u00cdA<\/a>\r\n        <\/div>\r\n      <\/div>\r\n    <\/div>\r\n\r\n    <div class=\"col-md-3 col-sm-6 col-12\">\r\n      <div class=\"thumbnail desaparc_thumbnail\">\r\n        <div class=\"btn-verde\">\r\n          <a href=\"#\" onclick=\"mostrarModalPDF('Recomendaci\u00f3n 1\/2021', 'https:\/\/portal.fgeo.gob.mx\/minio\/prueba-pagina\/wp-content\/uploads\/2025\/03\/24153125\/Anexo-09-cartel.pdf')\">CARTEL<\/a>\r\n        <\/div>\r\n      <\/div>\r\n    <\/div>\r\n\r\n    <div class=\"col-md-3 col-sm-6 col-12\">\r\n      <div class=\"thumbnail desaparc_thumbnail\">\r\n        <div class=\"btn-verde\">\r\n          <a href=\"#\" onclick=\"mostrarModalPDF('Padr\u00f3n estatal de facilitadores certificados 2022 - 2025', 'https:\/\/portal.fgeo.gob.mx\/minio\/prueba-pagina\/wp-content\/uploads\/2025\/03\/24153152\/Anexo-10-triptico.pdf')\">TR\u00cdPTICO<\/a>\r\n        <\/div>\r\n      <\/div>\r\n    <\/div>\r\n\r\n\r\n \r\n    \r\n                              <\/div>\r\n\r\n                        <\/div>\r\n                    <\/div>\r\n                <\/div>\r\n\r\n            \r\n              \r\n        \r\n        \r\n        \r\n<div class=\"modal fade\" id=\"pdfModal\" tabindex=\"-1\" aria-labelledby=\"pdfModalLabel\" aria-hidden=\"true\">\r\n  <div class=\"modal-dialog modal-xl\">\r\n    <div class=\"modal-content\">\r\n      <div class=\"modal-header\">\r\n        <h5 class=\"modal-title\" id=\"pdfModalLabel\">Vista Previa del Documento<\/h5>\r\n        <button type=\"button\" class=\"btn-close\" data-bs-dismiss=\"modal\" aria-label=\"Close\"><\/button>\r\n      <\/div>\r\n      <div class=\"modal-body\">\r\n        <iframe id=\"pdfIframe\" style=\"width: 100%; height: 800px; border: none;\"><\/iframe>\r\n      <\/div>\r\n    <\/div>\r\n  <\/div>\r\n<\/div>\r\n\r\n    <script>\r\n        function showContent(sectionId) {\r\n            \/\/ Oculta todas las secciones de contenido\r\n            const contentSections = document.querySelectorAll('.content-section');\r\n            contentSections.forEach(section => {\r\n                section.style.display = 'none';\r\n            });\r\n\r\n            \/\/ Muestra solo la secci\u00f3n seleccionada\r\n            document.getElementById(sectionId).style.display = 'block';\r\n        }\r\n    <\/script>\r\n    \r\n    <script>\r\n  function mostrarModalPDF(titulo, url) {\r\n    \/\/ Actualiza el t\u00edtulo del modal\r\n    document.getElementById('pdfModalLabel').textContent = titulo;\r\n\r\n    \/\/ Carga el PDF en el iframe\r\n    const iframe = document.getElementById('pdfIframe');\r\n    iframe.src = url;\r\n\r\n    \/\/ Muestra el modal\r\n    const modal = new bootstrap.Modal(document.getElementById('pdfModal'));\r\n    modal.show();\r\n  }\r\n<\/script>\r\n<\/body>\r\n<\/html>\t\t\t\t<\/div>\n\t\t\t\t<\/div>\n\t\t\t\t\t<\/div>\n\t\t\t\t<\/div>\n\t\t\t\t<\/div>\n\t\t","protected":false},"excerpt":{"rendered":"<p>Instituto de Servicios Periciales AVGM\/OAX\/AC04\/FGE\/019 AVGM\/OAX\/AC04\/FGE\/054 BOLETINES INFORMATIVOS AVGM\/OAX\/AC04\/FGE\/019 OPERADO CON RECURSOS E015 PROMOVER LA ATENCI\u00d3N Y PREVENCI\u00d3N DE LA VIOLENCIA CONTRA LAS MUJERES. ESTE PROGRAMA ES P\u00daBLICO AJENO A CUALQUIER PARTIDO POL\u00cdTICO, QUEDA PROHIBIDO SU USO PARA FINES DISTINTOS [&hellip;]<\/p>\n","protected":false},"author":1,"featured_media":0,"parent":0,"menu_order":0,"comment_status":"closed","ping_status":"closed","template":"","meta":{"_acf_changed":false,"footnotes":""},"class_list":["post-11568","page","type-page","status-publish","hentry"],"acf":[],"mb":[],"mfb_rest_fields":["title","gutenberg_elementor_mode"],"_links":{"self":[{"href":"https:\/\/portal.fgeo.gob.mx\/index.php\/wp-json\/wp\/v2\/pages\/11568","targetHints":{"allow":["GET"]}}],"collection":[{"href":"https:\/\/portal.fgeo.gob.mx\/index.php\/wp-json\/wp\/v2\/pages"}],"about":[{"href":"https:\/\/portal.fgeo.gob.mx\/index.php\/wp-json\/wp\/v2\/types\/page"}],"author":[{"embeddable":true,"href":"https:\/\/portal.fgeo.gob.mx\/index.php\/wp-json\/wp\/v2\/users\/1"}],"replies":[{"embeddable":true,"href":"https:\/\/portal.fgeo.gob.mx\/index.php\/wp-json\/wp\/v2\/comments?post=11568"}],"version-history":[{"count":0,"href":"https:\/\/portal.fgeo.gob.mx\/index.php\/wp-json\/wp\/v2\/pages\/11568\/revisions"}],"wp:attachment":[{"href":"https:\/\/portal.fgeo.gob.mx\/index.php\/wp-json\/wp\/v2\/media?parent=11568"}],"curies":[{"name":"wp","href":"https:\/\/api.w.org\/{rel}","templated":true}]}}