{"id":11175,"date":"2025-03-20T10:00:55","date_gmt":"2025-03-20T16:00:55","guid":{"rendered":"https:\/\/portal.fgeo.gob.mx\/?page_id=11175"},"modified":"2025-03-20T10:29:35","modified_gmt":"2025-03-20T16:29:35","slug":"anti-soborno-form","status":"publish","type":"page","link":"https:\/\/portal.fgeo.gob.mx\/index.php\/anti-soborno-form","title":{"rendered":"Anti-Soborno-form"},"content":{"rendered":"\t\t<div data-elementor-type=\"wp-page\" data-elementor-id=\"11175\" class=\"elementor elementor-11175\">\n\t\t\t\t<div class=\"elementor-element elementor-element-8f4d305 e-flex e-con-boxed e-con e-parent\" data-id=\"8f4d305\" data-element_type=\"container\" data-e-type=\"container\">\n\t\t\t\t\t<div class=\"e-con-inner\">\n\t\t\t\t<div class=\"elementor-element elementor-element-4205461 elementor-widget elementor-widget-spacer\" data-id=\"4205461\" data-element_type=\"widget\" data-e-type=\"widget\" data-widget_type=\"spacer.default\">\n\t\t\t\t<div class=\"elementor-widget-container\">\n\t\t\t\t\t\t\t<div class=\"elementor-spacer\">\n\t\t\t<div class=\"elementor-spacer-inner\"><\/div>\n\t\t<\/div>\n\t\t\t\t\t\t<\/div>\n\t\t\t\t<\/div>\n\t\t\t\t<div class=\"elementor-element elementor-element-5d131f6 elementor-widget elementor-widget-html\" data-id=\"5d131f6\" data-element_type=\"widget\" data-e-type=\"widget\" data-widget_type=\"html.default\">\n\t\t\t\t<div class=\"elementor-widget-container\">\n\t\t\t\t\t\n<div class=\"wpcf7 no-js\" id=\"wpcf7-f11144-o1\" lang=\"es-MX\" dir=\"ltr\" data-wpcf7-id=\"11144\">\n<div class=\"screen-reader-response\"><p role=\"status\" aria-live=\"polite\" aria-atomic=\"true\"><\/p> <ul><\/ul><\/div>\n<form action=\"\/index.php\/wp-json\/wp\/v2\/pages\/11175#wpcf7-f11144-o1\" method=\"post\" class=\"wpcf7-form init\" aria-label=\"Formulario de contacto\" enctype=\"multipart\/form-data\" novalidate=\"novalidate\" data-status=\"init\">\n<fieldset class=\"hidden-fields-container\"><input type=\"hidden\" name=\"_wpcf7\" value=\"11144\" \/><input type=\"hidden\" name=\"_wpcf7_version\" value=\"6.1.5\" \/><input type=\"hidden\" name=\"_wpcf7_locale\" value=\"es_MX\" \/><input type=\"hidden\" name=\"_wpcf7_unit_tag\" value=\"wpcf7-f11144-o1\" \/><input type=\"hidden\" name=\"_wpcf7_container_post\" value=\"0\" \/><input type=\"hidden\" name=\"_wpcf7_posted_data_hash\" value=\"\" \/>\n<\/fieldset>\n<style>\n .hidden {\n display: none;\n }\n\n \/* Secciones *\/\n .section {\n background-color: #f8f9fa;\n \/* gris claro BS5 *\/\n padding: 2rem;\n border-radius: 0.5rem;\n margin-bottom: 2rem;\n box-shadow: 0 2px 6px rgba(0, 0, 0, 0.1);\n width: 80%;\n }\n\n .section-title {\n font-weight: bold;\n font-size: 1.25rem;\n color: #213b7c;\n \/* azul institucional *\/\n text-shadow: 1px 1px 3px rgba(0, 0, 0, 0.15);\n text-transform: uppercase;\n }\n\n .section-content {\n font-size: 1rem;\n color: #333;\n text-align: justify;\n }\n<\/style>\n<div class=\"container-fluid section\">\n\t<div class=\"col-12 text-uppercase\">\n\t\t<h3 class=\"text-center section-title\"><br \/>\nFORMULARIO PARA LA INTERPOSICI\u00d3N DE DENUNCIA POR PROBABLES HECHOS DE CORRUPCI\u00d3N ANTE LA<br \/>\nCONTRALOR\u00cdA INTERNA DE LA FISCAL\u00cdA GENERAL DEL ESTADO DE OAXACA\n\t\t<\/h3>\n\t\t<p class=\"section-content\">Los datos personales se encuentran protegidos en t\u00e9rminos de lo se\u00f1alado por las leyes<br \/>\naplicables en materia de transparencia, protecci\u00f3n de datos personales y de v\u00edctimas.\n\t\t<\/p>\n\t<\/div>\n<\/div>\n<fieldset class=\"container-fluid section\">\n\t<legend  class=\"text-center section-title\"><br \/>\n\t\t<h3>IMPORTANTE:\n\t\t<\/h3>\n\t<\/legend>\n\t<div class=\"container-fluid\">\n\t\t<div class=\"row\">\n\t\t\t<div class=\"col-md-6\">\n\t\t\t\t<p class=\"section-content\"><br \/>\nEs muy importante que conozcas y aceptes el aviso de privacidad para continuar. Puede consultarlo<br \/>\n<a href=\"http:\/\/fge.oaxaca.gob.mx\/index.php\/aviso-privacidad\" target=\"_blank\"><strong>aqu\u00ed.<\/strong><\/a>\n\t\t\t\t<\/p>\n\t\t\t\t<p style=\"color: red; text-transform: uppercase\">es muy importante que primero acepte nuestro aviso de<br \/>\nprivacidad\n\t\t\t\t<\/p>\n\t\t\t\t<p><input type=\"checkbox\" id=\"avisopriv\" style=\"transform: scale(2)\" \/><br \/>\n<label for=\"avisopriv\" style=\"cursor: pointer\">Aceptar aviso de privacidad<\/label>\n\t\t\t\t<\/p>\n\t\t\t<\/div>\n\t\t\t<div class=\"col-md-6\">\n\t\t\t\t<p class=\"section-content\"><br \/>\nPara consultar la cartilla de Derechos de las V\u00edctimas, de clic<br \/>\n<a href=\"http:\/\/fge.oaxaca.gob.mx\/index.php\/documentos#dchosvictimas\" style=\"font-size: 1.1em\"\n              target=\"_blank\"><strong>aqu\u00ed.<\/strong><\/a>\n\t\t\t\t<\/p>\n\t\t\t<\/div>\n\t\t<\/div>\n\t<\/div>\n<\/fieldset>\n<fieldset class=\"container-fluid section\">\n\t<legend  class=\"text-center section-title\"><br \/>\n\t\t<h3>\u00bfAN\u00d3NIMA?\n\t\t<\/h3>\n\t<\/legend>\n\t<div class=\"container-fluid\">\n\t\t<div class=\"row\">\n\t\t\t<div class=\"col-md-5\">\n\t\t\t<\/div>\n\t\t\t<div class=\"col-md-1\">\n\t\t\t\t<p><input type=\"radio\" id=\"anonima_si\" name=\"anonima\" value=\"si\" style=\"transform: scale(2)\" \/><br \/>\n<label for=\"anonima_si\">S\u00ed<\/label>\n\t\t\t\t<\/p>\n\t\t\t<\/div>\n\t\t\t<div class=\"col-md-1\">\n\t\t\t\t<p><input type=\"radio\" id=\"anonima_no\" checked name=\"anonima\" value=\"no\" style=\"transform: scale(2)\" \/><br \/>\n<label for=\"anonima_no\">No<\/label>\n\t\t\t\t<\/p>\n\t\t\t<\/div>\n\t\t\t<div class=\"col-md-5\">\n\t\t\t<\/div>\n\t\t<\/div>\n\t<\/div>\n<\/fieldset>\n<fieldset id=\"datosD\" class=\"container-fluid section\">\n\t<legend  class=\"text-center section-title\"><br \/>\n\t\t<h3>DATOS DEL DENUNCIANTE:\n\t\t<\/h3>\n\t<\/legend>\n\t<p><small style=\"text-transform: uppercase\">los datos marcados con <strong style=\"color: red\">*<\/strong> son<br \/>\nobligatorios<\/small>\n\t<\/p>\n\t<div class=\"container-fluid\">\n\t\t<div class=\"row\">\n\t\t\t<div class=\"col-md-4\">\n\t\t\t\t<p><label> Nombre(s): <strong style=\"color: red\">*<\/strong><\/label><br \/>\n<span class=\"wpcf7-form-control-wrap\" data-name=\"text-nombreDenunciante\"><input size=\"40\" maxlength=\"400\" class=\"wpcf7-form-control wpcf7-text form-control\" id=\"nombreDenunciante\" aria-invalid=\"false\" placeholder=\"Escribe tu nombre\" value=\"\" type=\"text\" name=\"text-nombreDenunciante\" \/><\/span>\n\t\t\t\t<\/p>\n\t\t\t<\/div>\n\t\t\t<div class=\"col-md-4\">\n\t\t\t\t<p><label> Primer apellido: <strong style=\"color: red\">*<\/strong><\/label><br \/>\n<span class=\"wpcf7-form-control-wrap\" data-name=\"text-primerApellidoDenunciante\"><input size=\"40\" maxlength=\"400\" class=\"wpcf7-form-control wpcf7-text form-control\" id=\"primerApellidoDenunciante\" aria-invalid=\"false\" placeholder=\"Escribe tu primer apellido\" value=\"\" type=\"text\" name=\"text-primerApellidoDenunciante\" \/><\/span>\n\t\t\t\t<\/p>\n\t\t\t<\/div>\n\t\t\t<div class=\"col-md-4\">\n\t\t\t\t<p><label> Segundo apellido: <\/label><br \/>\n<span class=\"wpcf7-form-control-wrap\" data-name=\"text-segundoApellidoDenunciante\"><input size=\"40\" maxlength=\"400\" class=\"wpcf7-form-control wpcf7-text form-control\" id=\"segundoApellidoDenunciante\" aria-invalid=\"false\" placeholder=\"Escribe tu segundo apellido\" value=\"\" type=\"text\" name=\"text-segundoApellidoDenunciante\" \/><\/span>\n\t\t\t\t<\/p>\n\t\t\t<\/div>\n\t\t<\/div>\n\t<\/div>\n\t<div class=\"container-fluid\">\n\t\t<div class=\"row\">\n\t\t\t<div class=\"col-md-3\">\n\t\t\t\t<p><label> Edad: <strong style=\"color: red\">*<\/strong><\/label><br \/>\n<span class=\"wpcf7-form-control-wrap\" data-name=\"text-edad\"><input size=\"40\" maxlength=\"400\" class=\"wpcf7-form-control wpcf7-text form-control\" id=\"edad\" aria-invalid=\"false\" placeholder=\"Escribe tu edad\" value=\"\" type=\"text\" name=\"text-edad\" \/><\/span>\n\t\t\t\t<\/p>\n\t\t\t<\/div>\n\t\t\t<div class=\"col-md-3\">\n\t\t\t\t<p><label> G\u00e9nero: <strong style=\"color: red\">*<\/strong><\/label><br \/>\n<span class=\"wpcf7-form-control-wrap\" data-name=\"text-genero\"><input size=\"40\" maxlength=\"400\" class=\"wpcf7-form-control wpcf7-text form-control\" id=\"genero\" aria-invalid=\"false\" placeholder=\"Escribe tu genero\" value=\"\" type=\"text\" name=\"text-genero\" \/><\/span>\n\t\t\t\t<\/p>\n\t\t\t<\/div>\n\t\t\t<div class=\"col-md-3\">\n\t\t\t\t<p><label>Tel\u00e9fono celular o fijo: <strong style=\"color: red\">*<\/strong><\/label><br \/>\n<span class=\"wpcf7-form-control-wrap\" data-name=\"number-telefono\"><input class=\"wpcf7-form-control wpcf7-number wpcf7-validates-as-number form-control\" id=\"telefono\" aria-invalid=\"false\" value=\"\" type=\"number\" name=\"number-telefono\" \/><\/span>\n\t\t\t\t<\/p>\n\t\t\t<\/div>\n\t\t\t<div class=\"col-md-3\">\n\t\t\t\t<p><label>Correo electr\u00f3nico: <strong style=\"color: red\">*<\/strong><\/label><br \/>\n<span class=\"wpcf7-form-control-wrap\" data-name=\"email-correo\"><input size=\"40\" maxlength=\"400\" class=\"wpcf7-form-control wpcf7-email wpcf7-text wpcf7-validates-as-email form-control\" id=\"correo\" aria-invalid=\"false\" placeholder=\"Escribe tu correo electr\u00f3nico\" value=\"\" type=\"email\" name=\"email-correo\" \/><\/span>\n\t\t\t\t<\/p>\n\t\t\t<\/div>\n\t\t<\/div>\n\t<\/div>\n<\/fieldset>\n<fieldset class=\"container-fluid section\">\n\t<legend  class=\"text-center section-title\"><br \/>\n\t\t<h3>DATOS DEL SERVIDOR P\u00daBLICO QUE COMETIO LA PRESUNTA IRREGULARIDAD:\n\t\t<\/h3>\n\t<\/legend>\n\t<p><small style=\"text-transform: uppercase\">los datos marcados con <strong style=\"color: red\">*<\/strong> son<br \/>\nobligatorios<\/small>\n\t<\/p>\n\t<div class=\"container-fluid\">\n\t\t<div class=\"row\">\n\t\t\t<div class=\"col-md-6\">\n\t\t\t\t<p><label> Nombre(s): <strong style=\"color: red\">*<\/strong><\/label><br \/>\n<span class=\"wpcf7-form-control-wrap\" data-name=\"text-nombreServidor\"><input size=\"40\" maxlength=\"400\" class=\"wpcf7-form-control wpcf7-text wpcf7-validates-as-required form-control\" id=\"nombreServidor\" aria-required=\"true\" aria-invalid=\"false\" placeholder=\"Escribe el nombre del servidor p\u00fablico\" value=\"\" type=\"text\" name=\"text-nombreServidor\" \/><\/span>\n\t\t\t\t<\/p>\n\t\t\t<\/div>\n\t\t\t<div class=\"col-md-6\">\n\t\t\t\t<p><label> Primer apellido: <\/label><br \/>\n<span class=\"wpcf7-form-control-wrap\" data-name=\"text-primerApellidoServidor\"><input size=\"40\" maxlength=\"400\" class=\"wpcf7-form-control wpcf7-text form-control\" id=\"primerApellidoServidor\" aria-invalid=\"false\" placeholder=\"Escribe el primer apellido del servidor p\u00fablico\" value=\"\" type=\"text\" name=\"text-primerApellidoServidor\" \/><\/span>\n\t\t\t\t<\/p>\n\t\t\t<\/div>\n\t\t<\/div>\n\t<\/div>\n\t<div class=\"container-fluid\">\n\t\t<div class=\"row\">\n\t\t\t<div class=\"col-md-6\">\n\t\t\t\t<p><label> Segundo apellido: <\/label><br \/>\n<span class=\"wpcf7-form-control-wrap\" data-name=\"text-segundoApellidoServidor\"><input size=\"40\" maxlength=\"400\" class=\"wpcf7-form-control wpcf7-text form-control\" id=\"segundoApellidoServidor\" aria-invalid=\"false\" placeholder=\"Escribe el segundo apellido del servidor p\u00fablico\" value=\"\" type=\"text\" name=\"text-segundoApellidoServidor\" \/><\/span>\n\t\t\t\t<\/p>\n\t\t\t<\/div>\n\t\t\t<div class=\"col-md-6\">\n\t\t\t\t<p><label>Cargo del servidor p\u00fablico:<\/label><br \/>\n<span class=\"wpcf7-form-control-wrap\" data-name=\"text-cargoServidor\"><input size=\"40\" maxlength=\"400\" class=\"wpcf7-form-control wpcf7-text form-control\" id=\"cargoServidor\" aria-invalid=\"false\" placeholder=\"Escribe el cargo del servidor p\u00fablico\" value=\"\" type=\"text\" name=\"text-cargoServidor\" \/><\/span>\n\t\t\t\t<\/p>\n\t\t\t<\/div>\n\t\t<\/div>\n\t<\/div>\n<\/fieldset>\n<fieldset class=\"container-fluid section\">\n\t<legend  class=\"text-center section-title\"><br \/>\n\t\t<h3>DATOS DE LA DENUNCIA:\n\t\t<\/h3>\n\t<\/legend>\n\t<p><small style=\"text-transform: uppercase\">los datos marcados con <strong style=\"color: red\">*<\/strong> son<br \/>\nobligatorios<\/small>\n\t<\/p>\n\t<div class=\"container-fluid\">\n\t\t<div class=\"row\">\n\t\t\t<div class=\"col-md-6\">\n\t\t\t\t<p><label>\u00bfEl hecho que denuncia ocurri\u00f3 en el tr\u00e1mite de una carpeta de investigaci\u00f3n o de causa penal?, en caso<br \/>\nque si, indique el n\u00famero de esta:<\/label><br \/>\n<span class=\"wpcf7-form-control-wrap\" data-name=\"text-carpetaCausa\"><input size=\"40\" maxlength=\"400\" class=\"wpcf7-form-control wpcf7-text form-control\" id=\"carpetaCausa\" aria-invalid=\"false\" placeholder=\"Escribe el n\u00famero de la carpeta de investigaci\u00f3n o causa penal\" value=\"\" type=\"text\" name=\"text-carpetaCausa\" \/><\/span>\n\t\t\t\t<\/p>\n\t\t\t<\/div>\n\t\t\t<div class=\"col-md-6\">\n\t\t\t\t<p><label><br \/>\nLugar donde ocurrieron los hechos: <strong style=\"color: red\">*<\/strong><\/label><br \/>\n<span class=\"wpcf7-form-control-wrap\" data-name=\"text-lugarHechos\"><input size=\"40\" maxlength=\"400\" class=\"wpcf7-form-control wpcf7-text wpcf7-validates-as-required form-control\" id=\"lugarHechos\" aria-required=\"true\" aria-invalid=\"false\" placeholder=\"Fiscal\u00eda local, comandancia local u otra\" value=\"\" type=\"text\" name=\"text-lugarHechos\" \/><\/span>\n\t\t\t\t<\/p>\n\t\t\t<\/div>\n\t\t<\/div>\n\t<\/div>\n\t<div class=\"container-fluid\">\n\t\t<div class=\"row\">\n\t\t\t<div class=\"col-md-6\">\n\t\t\t\t<p><label>Datos del municipio o regi\u00f3n donde se cometi\u00f3 la presente irregularidad: <strong\n              style=\"color: red\">*<\/strong><\/label><br \/>\n<span class=\"wpcf7-form-control-wrap\" data-name=\"text-municipioHechos\"><input size=\"40\" maxlength=\"400\" class=\"wpcf7-form-control wpcf7-text wpcf7-validates-as-required form-control\" id=\"municipioHechos\" aria-required=\"true\" aria-invalid=\"false\" placeholder=\"Describe el municipio o regi\u00f3n donde se cometi\u00f3 la presente irregularidad\" value=\"\" type=\"text\" name=\"text-municipioHechos\" \/><\/span>\n\t\t\t\t<\/p>\n\t\t\t<\/div>\n\t\t\t<div class=\"col-md-6\">\n\t\t\t\t<p><label>Narraci\u00f3n de los hechos: <strong style=\"color: red\">*<\/strong><\/label><br \/>\n<span class=\"wpcf7-form-control-wrap\" data-name=\"textarea-narracionHechos\"><textarea cols=\"40\" rows=\"10\" maxlength=\"2000\" class=\"wpcf7-form-control wpcf7-textarea wpcf7-validates-as-required form-control\" id=\"narracionHechos\" aria-required=\"true\" aria-invalid=\"false\" placeholder=\"Escriba la mayor descripci\u00f3n posible de los hechos ocurridos\" name=\"textarea-narracionHechos\"><\/textarea><\/span>\n\t\t\t\t<\/p>\n\t\t\t<\/div>\n\t\t<\/div>\n\t<\/div>\n\t<div class=\"container-fluid\">\n\t\t<div class=\"row\">\n\t\t\t<div class=\"col-md-6\">\n\t\t\t\t<p><label>Fecha de los hechos ocurridos: <strong style=\"color: red\">*<\/strong><\/label><br \/>\n<span class=\"wpcf7-form-control-wrap\" data-name=\"date-fechaHechos\"><input class=\"wpcf7-form-control wpcf7-date wpcf7-validates-as-required wpcf7-validates-as-date form-control\" id=\"fechaHechos\" aria-required=\"true\" aria-invalid=\"false\" value=\"\" type=\"date\" name=\"date-fechaHechos\" \/><\/span>\n\t\t\t\t<\/p>\n\t\t\t<\/div>\n\t\t\t<div class=\"col-md-6\">\n\t\t\t\t<p><label>Hora en que ocurri\u00f3 (aproximadamente): <strong style=\"color: red\">*<\/strong><\/label><br \/>\n<span class=\"wpcf7-form-control-wrap\" data-name=\"text-horaHechos\"><input size=\"40\" maxlength=\"400\" class=\"wpcf7-form-control wpcf7-text wpcf7-validates-as-required form-control\" id=\"horaHechos\" aria-required=\"true\" aria-invalid=\"false\" placeholder=\"Escriba la hora del hecho en el siguiene formato 09:00 am\/pm\" value=\"\" type=\"text\" name=\"text-horaHechos\" \/><\/span><br \/>\n<!-- <input type=\"time\" name=\"horaHechos\" id=\"horaHechos\" class=\"form-control\" style=\"width: 100%;\"> -->\n\t\t\t\t<\/p>\n\t\t\t<\/div>\n\t\t<\/div>\n\t<\/div>\n\t<div class=\"container-fluid\">\n\t\t<div class=\"row\">\n\t\t\t<div class=\"col-md-6\">\n\t\t\t\t<p><label> Frecuencia del hecho:<\/label><br \/>\n<span class=\"wpcf7-form-control-wrap\" data-name=\"text-frecuenciaHechos\"><input size=\"40\" maxlength=\"400\" class=\"wpcf7-form-control wpcf7-text form-control\" id=\"frecuenciaHechos\" aria-invalid=\"false\" placeholder=\"Si fue una sola vez o varias\n          veces\" value=\"\" type=\"text\" name=\"text-frecuenciaHechos\" \/><\/span>\n\t\t\t\t<\/p>\n\t\t\t<\/div>\n\t\t\t<div class=\"col-md-6\">\n\t\t\t\t<p><label>Personas que hayan presenciado las conductas que usted menciona:<\/label><br \/>\n<span class=\"wpcf7-form-control-wrap\" data-name=\"text-involucrados\"><input size=\"40\" maxlength=\"400\" class=\"wpcf7-form-control wpcf7-text form-control\" id=\"involucrados\" aria-invalid=\"false\" placeholder=\"En caso de exitir, enlistelas\" value=\"\" type=\"text\" name=\"text-involucrados\" \/><\/span>\n\t\t\t\t<\/p>\n\t\t\t<\/div>\n\t\t<\/div>\n\t<\/div>\n\t<div class=\"container-fluid\">\n\t\t<div class=\"row\">\n\t\t\t<div class=\"col-md-6\">\n\t\t\t\t<p><label>En caso de que su respuesta sea si a la \u00faltima pregunta, describa como han reaccionado estas<br \/>\npersonas:<\/label><br \/>\n<span class=\"wpcf7-form-control-wrap\" data-name=\"text-reaccion\"><input size=\"40\" maxlength=\"400\" class=\"wpcf7-form-control wpcf7-text form-control\" id=\"reaccion\" aria-invalid=\"false\" placeholder=\"Descripci\u00f3n de reacci\u00f3n\" value=\"\" type=\"text\" name=\"text-reaccion\" \/><\/span>\n\t\t\t\t<\/p>\n\t\t\t<\/div>\n\t\t\t<div class=\"col-md-6\">\n\t\t\t\t<p><label> Constancia o documentos que puedan corroborar su dicho:<\/label><br \/>\n<span class=\"wpcf7-form-control-wrap\" data-name=\"file-evidencia\"><input size=\"40\" class=\"wpcf7-form-control wpcf7-file form-control\" id=\"evidencia\" accept=\"audio\/*,video\/*,image\/*\" aria-invalid=\"false\" type=\"file\" name=\"file-evidencia\" \/><\/span>\n\t\t\t\t<\/p>\n\t\t\t<\/div>\n\t\t<\/div>\n\t<\/div>\n<\/fieldset>\n<fieldset class=\"container-fluid section\">\n\t<legend  class=\"text-center section-title\"><br \/>\n\t\t<h3>NOTA\n\t\t<\/h3>\n\t<\/legend>\n\t<div class=\"container-fluid\">\n\t\t<div class=\"row\">\n\t\t\t<div class=\"col-md-12\">\n\t\t\t\t<p class=\"section-content\" style=\"text-transform: uppercase\"><br \/>\nLa contralor\u00eda interna de la fiscal\u00eda general del estado de oaxaca, quiere acompa\u00f1arte y guiarte en este<br \/>\nproceso, te pedimos que por favor nos dejes los siguientes datos para oir y recibbir todo tipo de<br \/>\nnotificaciones.\n\t\t\t\t<\/p>\n\t\t\t<\/div>\n\t\t<\/div>\n\t<\/div>\n\t<div class=\"container-fluid\">\n\t\t<div class=\"row\">\n\t\t\t<div class=\"col-md-6\">\n\t\t\t\t<p><label>Tel\u00e9fono celular o fijo: <strong style=\"color: red\">*<\/strong><\/label><br \/>\n<span class=\"wpcf7-form-control-wrap\" data-name=\"number-telefono-contacto\"><input class=\"wpcf7-form-control wpcf7-number wpcf7-validates-as-required wpcf7-validates-as-number form-control\" id=\"telefonoC\" aria-required=\"true\" aria-invalid=\"false\" value=\"\" type=\"number\" name=\"number-telefono-contacto\" \/><\/span>\n\t\t\t\t<\/p>\n\t\t\t<\/div>\n\t\t\t<div class=\"col-md-6\">\n\t\t\t\t<p><label>Correo electr\u00f3nico: <strong style=\"color: red\">*<\/strong><\/label><br \/>\n<span class=\"wpcf7-form-control-wrap\" data-name=\"email-correo-contacto\"><input size=\"40\" maxlength=\"400\" class=\"wpcf7-form-control wpcf7-email wpcf7-validates-as-required wpcf7-text wpcf7-validates-as-email form-control\" id=\"correoC\" aria-required=\"true\" aria-invalid=\"false\" placeholder=\"Escribe tu correo electr\u00f3nico\" value=\"\" type=\"email\" name=\"email-correo-contacto\" \/><\/span>\n\t\t\t\t<\/p>\n\t\t\t<\/div>\n\t\t<\/div>\n\t<\/div>\n\t<div class=\"container-fluid\">\n\t\t<div class=\"row\">\n\t\t\t<div class=\"col-md-12\">\n\t\t\t\t<p><span style=\"text-transform: uppercase\"><br \/>\n<strong>el presente formulario de denuncia de emite con fundamento en el <i>art\u00edculo 31 fracci\u00f3n i<\/i> de la<br \/>\nley org\u00e1nica de la fiscal\u00eda general del estado de oaxaca; <i>los art\u00edculos 91 y 93<\/i> de la ley general<br \/>\nde<br \/>\nresponsabilidades administrativas.<br \/>\n<\/strong><\/span>\n\t\t\t\t<\/p>\n\t\t\t<\/div>\n\t\t<\/div>\n\t<\/div>\n<\/fieldset>\n<div class=\"container-fluid section\">\n <!-- <button class=\"g-recaptcha\" data-sitekey=\"reCAPTCHA_site_key\" data-callback='onSubmit'\n      data-action='submit id:enviar class:btn-quejas'>Enviar<\/button> -->\n\t<p><input class=\"wpcf7-form-control wpcf7-submit has-spinner btn-quejas\" id=\"enviar\" type=\"submit\" value=\"Enviar\" \/>\n\t<\/p>\n<\/div>\n<!-- <div class=\"col-md-12\">\n    <input class=\"wpcf7-form-control wpcf7-submit has-spinner btn-quejas\" type=\"submit\" value=\"Enviar\" \/>\n    <\/div> -->\n<p><script>\ndocument.addEventListener('DOMContentLoaded', function () {\n const form = document.querySelector('.wpcf7 form'); \/\/ Selecciona el form de CF7\n const checkbox = document.getElementById('avisopriv');\n\n if (form && checkbox) {\n form.addEventListener('submit', function (event) {\n if (!checkbox.checked) {\n alert(\"Debe aceptar el aviso de privacidad.\");\n event.preventDefault(); \/\/ solo cancela si no est\u00e1 marcado\n }\n });\n }\n});\n\ndocument.addEventListener('DOMContentLoaded', function () {\n \/\/ Busca radios por value\n const radioSi = document.querySelector('input[type=\"radio\"][value=\"si\"]');\n const radioNo = document.querySelector('input[type=\"radio\"][value=\"no\"]');\n const datosD = document.getElementById('datosD');\n\n function toggleFieldset() {\n if (radioSi && radioSi.checked) {\n datosD.classList.add('hidden');\n } else {\n datosD.classList.remove('hidden');\n }\n }\n\n if (radioSi && radioNo) {\n radioSi.addEventListener('change', toggleFieldset);\n radioNo.addEventListener('change', toggleFieldset);\n toggleFieldset(); \/\/ inicial\n } else {\n console.warn(\"\u26a0\ufe0f No encontr\u00e9 los radios, revisa el name real en el HTML de CF7\");\n }\n});\n\n<\/script><br \/>\n<script>\n document.addEventListener(\"DOMContentLoaded\", function () {\n const target = document.querySelector('.elementor.elementor-11175');\n if (target) {\n target.classList.remove('elementor-11175');\n }\n });\n<\/script>\n<\/p>\n<p><script src=\"https:\/\/www.google.com\/recaptcha\/api.js\"><\/script><br \/>\n<script>\n function onSubmit(token) {\n document.getElementById(\"demo-form\").submit();\n }\n<\/script>\n<\/p><div class=\"wpcf7-response-output\" aria-hidden=\"true\"><\/div>\n<\/form>\n<\/div>\n\t\t\t\t<\/div>\n\t\t\t\t<\/div>\n\t\t\t\t\t<\/div>\n\t\t\t\t<\/div>\n\t\t<div class=\"elementor-element elementor-element-44f18e5 e-flex e-con-boxed e-con e-parent\" data-id=\"44f18e5\" data-element_type=\"container\" data-e-type=\"container\">\n\t\t\t\t\t<div class=\"e-con-inner\">\n\t\t\t\t\t<\/div>\n\t\t\t\t<\/div>\n\t\t\t\t<\/div>\n\t\t","protected":false},"excerpt":{"rendered":"","protected":false},"author":1,"featured_media":0,"parent":0,"menu_order":0,"comment_status":"closed","ping_status":"closed","template":"","meta":{"_acf_changed":false,"footnotes":""},"class_list":["post-11175","page","type-page","status-publish","hentry"],"acf":[],"mb":[],"mfb_rest_fields":["title","gutenberg_elementor_mode"],"_links":{"self":[{"href":"https:\/\/portal.fgeo.gob.mx\/index.php\/wp-json\/wp\/v2\/pages\/11175","targetHints":{"allow":["GET"]}}],"collection":[{"href":"https:\/\/portal.fgeo.gob.mx\/index.php\/wp-json\/wp\/v2\/pages"}],"about":[{"href":"https:\/\/portal.fgeo.gob.mx\/index.php\/wp-json\/wp\/v2\/types\/page"}],"author":[{"embeddable":true,"href":"https:\/\/portal.fgeo.gob.mx\/index.php\/wp-json\/wp\/v2\/users\/1"}],"replies":[{"embeddable":true,"href":"https:\/\/portal.fgeo.gob.mx\/index.php\/wp-json\/wp\/v2\/comments?post=11175"}],"version-history":[{"count":0,"href":"https:\/\/portal.fgeo.gob.mx\/index.php\/wp-json\/wp\/v2\/pages\/11175\/revisions"}],"wp:attachment":[{"href":"https:\/\/portal.fgeo.gob.mx\/index.php\/wp-json\/wp\/v2\/media?parent=11175"}],"curies":[{"name":"wp","href":"https:\/\/api.w.org\/{rel}","templated":true}]}}